{"id":15079,"date":"2024-11-29T18:29:01","date_gmt":"2024-11-29T17:29:01","guid":{"rendered":"https:\/\/stampcurio.com\/product\/48-filleres-valto-1934-engedelyeztetheto-alairassal-minta-plusz-jegyzokonyv-35-evi-vagatlan-rovacsolassal-kapcsolatban\/"},"modified":"2025-12-05T04:08:36","modified_gmt":"2025-12-05T03:08:36","slug":"1934-magyarorszag-48-filleres-valto-probanyomat-a-nyomtatast-jovahagyo-jegyzokonyv","status":"publish","type":"product","link":"https:\/\/stampcurio.com\/hu\/termek\/1934-magyarorszag-48-filleres-valto-probanyomat-a-nyomtatast-jovahagyo-jegyzokonyv\/","title":{"rendered":"1934 Magyarorsz\u00e1g &#8211; 48 fill\u00e9res v\u00e1lt\u00f3 pr\u00f3banyomat + a nyomtat\u00e1st j\u00f3v\u00e1hagy\u00f3 jegyz\u0151k\u00f6nyv"},"content":{"rendered":"","protected":false},"excerpt":{"rendered":"","protected":false},"featured_media":17453,"template":"","meta":[],"product_brand":[],"product_cat":[1172],"product_tag":[1664,74,282,390,1006],"class_list":{"0":"post-15079","1":"product","2":"type-product","3":"status-publish","4":"has-post-thumbnail","6":"product_cat-magyarorszag","7":"product_tag-2nd-auction-hu","8":"product_tag-dijjegyes","9":"product_tag-okmanybelyeg","10":"product_tag-probanyomat","11":"product_tag-unsold","13":"first","14":"instock","15":"sold-individually","16":"shipping-taxable","17":"product-type-simple"},"_links":{"self":[{"href":"https:\/\/stampcurio.com\/hu\/wp-json\/wp\/v2\/product\/15079","targetHints":{"allow":["GET"]}}],"collection":[{"href":"https:\/\/stampcurio.com\/hu\/wp-json\/wp\/v2\/product"}],"about":[{"href":"https:\/\/stampcurio.com\/hu\/wp-json\/wp\/v2\/types\/product"}],"wp:featuredmedia":[{"embeddable":true,"href":"https:\/\/stampcurio.com\/hu\/wp-json\/wp\/v2\/media\/17453"}],"wp:attachment":[{"href":"https:\/\/stampcurio.com\/hu\/wp-json\/wp\/v2\/media?parent=15079"}],"wp:term":[{"taxonomy":"product_brand","embeddable":true,"href":"https:\/\/stampcurio.com\/hu\/wp-json\/wp\/v2\/product_brand?post=15079"},{"taxonomy":"product_cat","embeddable":true,"href":"https:\/\/stampcurio.com\/hu\/wp-json\/wp\/v2\/product_cat?post=15079"},{"taxonomy":"product_tag","embeddable":true,"href":"https:\/\/stampcurio.com\/hu\/wp-json\/wp\/v2\/product_tag?post=15079"}],"curies":[{"name":"wp","href":"https:\/\/api.w.org\/{rel}","templated":true}]}}