{"id":15078,"date":"2024-11-29T18:29:00","date_gmt":"2024-11-29T17:29:00","guid":{"rendered":"https:\/\/stampcurio.com\/product\/1927-legiposta-level-budapest-drezda-piros-iranyitobelyegzovel-legipostanyomtatvany-drezdaba-piros-budapest-drezda-iranyitobelyegzovel\/"},"modified":"2025-12-05T04:08:38","modified_gmt":"2025-12-05T03:08:38","slug":"1927-magyarorszag-legiposta-nyomtatvany-budapest-drezda-piros-legiposta-iranyitobelyegzovel","status":"publish","type":"product","link":"https:\/\/stampcurio.com\/hu\/termek\/1927-magyarorszag-legiposta-nyomtatvany-budapest-drezda-piros-legiposta-iranyitobelyegzovel\/","title":{"rendered":"1927 Magyarorsz\u00e1g &#8211; L\u00e9giposta nyomtatv\u00e1ny Budapest &#8211; Drezda piros l\u00e9giposta ir\u00e1ny\u00edt\u00f3b\u00e9lyegz\u0151vel"},"content":{"rendered":"","protected":false},"excerpt":{"rendered":"","protected":false},"featured_media":17447,"template":"","meta":[],"product_brand":[],"product_cat":[1172,1175],"product_tag":[1664,115,1041,89,1006],"class_list":{"0":"post-15078","1":"product","2":"type-product","3":"status-publish","4":"has-post-thumbnail","6":"product_cat-magyarorszag","7":"product_cat-nemetorszag","8":"product_tag-2nd-auction-hu","9":"product_tag-legiposta","10":"product_tag-marcophily-hu","11":"product_tag-postatortenet","12":"product_tag-unsold","14":"first","15":"instock","16":"sold-individually","17":"shipping-taxable","18":"product-type-simple"},"_links":{"self":[{"href":"https:\/\/stampcurio.com\/hu\/wp-json\/wp\/v2\/product\/15078","targetHints":{"allow":["GET"]}}],"collection":[{"href":"https:\/\/stampcurio.com\/hu\/wp-json\/wp\/v2\/product"}],"about":[{"href":"https:\/\/stampcurio.com\/hu\/wp-json\/wp\/v2\/types\/product"}],"wp:featuredmedia":[{"embeddable":true,"href":"https:\/\/stampcurio.com\/hu\/wp-json\/wp\/v2\/media\/17447"}],"wp:attachment":[{"href":"https:\/\/stampcurio.com\/hu\/wp-json\/wp\/v2\/media?parent=15078"}],"wp:term":[{"taxonomy":"product_brand","embeddable":true,"href":"https:\/\/stampcurio.com\/hu\/wp-json\/wp\/v2\/product_brand?post=15078"},{"taxonomy":"product_cat","embeddable":true,"href":"https:\/\/stampcurio.com\/hu\/wp-json\/wp\/v2\/product_cat?post=15078"},{"taxonomy":"product_tag","embeddable":true,"href":"https:\/\/stampcurio.com\/hu\/wp-json\/wp\/v2\/product_tag?post=15078"}],"curies":[{"name":"wp","href":"https:\/\/api.w.org\/{rel}","templated":true}]}}