{"id":15077,"date":"2024-11-29T18:29:00","date_gmt":"2024-11-29T17:29:00","guid":{"rendered":"https:\/\/stampcurio.com\/product\/1850-ausztria-2kr-mp-plattenfehler-no-cross\/"},"modified":"2025-12-05T04:08:38","modified_gmt":"2025-12-05T03:08:38","slug":"1850-ausztria-2-kr-iii-b-tipus-gepi-papir-korona-kereszt-nelkul-ritka-es-latvanyos-lemezhiba","status":"publish","type":"product","link":"https:\/\/stampcurio.com\/hu\/termek\/1850-ausztria-2-kr-iii-b-tipus-gepi-papir-korona-kereszt-nelkul-ritka-es-latvanyos-lemezhiba\/","title":{"rendered":"1850 Ausztria &#8211; 2 kr III.b tipus g\u00e9pi pap\u00edr, korona kereszt n\u00e9lk\u00fcl (!) ritka \u00e9s l\u00e1tv\u00e1nyos lemezhiba"},"content":{"rendered":"","protected":false},"excerpt":{"rendered":"","protected":false},"featured_media":24965,"template":"","meta":[],"product_brand":[],"product_cat":[1178],"product_tag":[1664,116,1306,1006],"class_list":{"0":"post-15077","1":"product","2":"type-product","3":"status-publish","4":"has-post-thumbnail","6":"product_cat-ausztria","7":"product_tag-2nd-auction-hu","8":"product_tag-belyeg","9":"product_tag-lemezhiba","10":"product_tag-unsold","12":"first","13":"instock","14":"sold-individually","15":"shipping-taxable","16":"product-type-simple"},"_links":{"self":[{"href":"https:\/\/stampcurio.com\/hu\/wp-json\/wp\/v2\/product\/15077","targetHints":{"allow":["GET"]}}],"collection":[{"href":"https:\/\/stampcurio.com\/hu\/wp-json\/wp\/v2\/product"}],"about":[{"href":"https:\/\/stampcurio.com\/hu\/wp-json\/wp\/v2\/types\/product"}],"wp:featuredmedia":[{"embeddable":true,"href":"https:\/\/stampcurio.com\/hu\/wp-json\/wp\/v2\/media\/24965"}],"wp:attachment":[{"href":"https:\/\/stampcurio.com\/hu\/wp-json\/wp\/v2\/media?parent=15077"}],"wp:term":[{"taxonomy":"product_brand","embeddable":true,"href":"https:\/\/stampcurio.com\/hu\/wp-json\/wp\/v2\/product_brand?post=15077"},{"taxonomy":"product_cat","embeddable":true,"href":"https:\/\/stampcurio.com\/hu\/wp-json\/wp\/v2\/product_cat?post=15077"},{"taxonomy":"product_tag","embeddable":true,"href":"https:\/\/stampcurio.com\/hu\/wp-json\/wp\/v2\/product_tag?post=15077"}],"curies":[{"name":"wp","href":"https:\/\/api.w.org\/{rel}","templated":true}]}}