{"id":15076,"date":"2024-11-29T18:29:00","date_gmt":"2024-11-29T17:29:00","guid":{"rendered":"https:\/\/stampcurio.com\/product\/1850-ausztrua-9kr-mp-typ-iiib-7-es-csik-ferch-2500-attest-ferch-wirkungsvolle-stuck\/"},"modified":"2025-12-05T04:08:37","modified_gmt":"2025-12-05T03:08:37","slug":"1850-ausztria-9-kr-gepi-papir-iiib-tipus-hetescsik-zombor-belyegzessel-attest-ferchenbauer-ferchenbauer-2500-eur","status":"publish","type":"product","link":"https:\/\/stampcurio.com\/hu\/termek\/1850-ausztria-9-kr-gepi-papir-iiib-tipus-hetescsik-zombor-belyegzessel-attest-ferchenbauer-ferchenbauer-2500-eur\/","title":{"rendered":"1850 Ausztria &#8211; 9 kr g\u00e9pi pap\u00edr IIIb t\u00edpus, hetescs\u00edk ZOMBOR b\u00e9lyegz\u00e9ssel | Attest: Ferchenbauer | Ferchenbauer: 2500 EUR"},"content":{"rendered":"","protected":false},"excerpt":{"rendered":"","protected":false},"featured_media":23644,"template":"","meta":[],"product_brand":[],"product_cat":[1178,1172,1245],"product_tag":[1664,116,176],"class_list":{"0":"post-15076","1":"product","2":"type-product","3":"status-publish","4":"has-post-thumbnail","6":"product_cat-ausztria","7":"product_cat-magyarorszag","8":"product_cat-szerbia","9":"product_tag-2nd-auction-hu","10":"product_tag-belyeg","11":"product_tag-philagem","13":"first","14":"instock","15":"sold-individually","16":"shipping-taxable","17":"product-type-simple"},"_links":{"self":[{"href":"https:\/\/stampcurio.com\/hu\/wp-json\/wp\/v2\/product\/15076","targetHints":{"allow":["GET"]}}],"collection":[{"href":"https:\/\/stampcurio.com\/hu\/wp-json\/wp\/v2\/product"}],"about":[{"href":"https:\/\/stampcurio.com\/hu\/wp-json\/wp\/v2\/types\/product"}],"wp:featuredmedia":[{"embeddable":true,"href":"https:\/\/stampcurio.com\/hu\/wp-json\/wp\/v2\/media\/23644"}],"wp:attachment":[{"href":"https:\/\/stampcurio.com\/hu\/wp-json\/wp\/v2\/media?parent=15076"}],"wp:term":[{"taxonomy":"product_brand","embeddable":true,"href":"https:\/\/stampcurio.com\/hu\/wp-json\/wp\/v2\/product_brand?post=15076"},{"taxonomy":"product_cat","embeddable":true,"href":"https:\/\/stampcurio.com\/hu\/wp-json\/wp\/v2\/product_cat?post=15076"},{"taxonomy":"product_tag","embeddable":true,"href":"https:\/\/stampcurio.com\/hu\/wp-json\/wp\/v2\/product_tag?post=15076"}],"curies":[{"name":"wp","href":"https:\/\/api.w.org\/{rel}","templated":true}]}}