{"id":15075,"date":"2024-11-29T18:28:59","date_gmt":"2024-11-29T17:28:59","guid":{"rendered":"https:\/\/stampcurio.com\/product\/1850-ausztrua-hu-pu-rrr-ofen-bs2-postaugynookesgi-belyegzes-egyik-belyegen-plattenfehler\/"},"modified":"2025-12-05T04:08:39","modified_gmt":"2025-12-05T03:08:39","slug":"1850-ausztria-9-kr-belyegeken-ofen-bs2-postaugynoksegi-belyegzes-az-egyik-belyegen-lemezhiba-mueller-100-x-2","status":"publish","type":"product","link":"https:\/\/stampcurio.com\/hu\/termek\/1850-ausztria-9-kr-belyegeken-ofen-bs2-postaugynoksegi-belyegzes-az-egyik-belyegen-lemezhiba-mueller-100-x-2\/","title":{"rendered":"1850 Ausztria &#8211; 9 kr b\u00e9lyegeken OFEN B:S:2 posta\u00fcgyn\u00f6ks\u00e9gi b\u00e9lyegz\u00e9s, az egyik b\u00e9lyegen lemezhiba | Mueller: 100 x 2"},"content":{"rendered":"","protected":false},"excerpt":{"rendered":"","protected":false},"featured_media":16926,"template":"","meta":[],"product_brand":[],"product_cat":[1178,1172],"product_tag":[1664,116,1041,1269],"class_list":{"0":"post-15075","1":"product","2":"type-product","3":"status-publish","4":"has-post-thumbnail","6":"product_cat-ausztria","7":"product_cat-magyarorszag","8":"product_tag-2nd-auction-hu","9":"product_tag-belyeg","10":"product_tag-marcophily-hu","11":"product_tag-postaugynokseg","13":"first","14":"instock","15":"sold-individually","16":"shipping-taxable","17":"product-type-simple"},"_links":{"self":[{"href":"https:\/\/stampcurio.com\/hu\/wp-json\/wp\/v2\/product\/15075","targetHints":{"allow":["GET"]}}],"collection":[{"href":"https:\/\/stampcurio.com\/hu\/wp-json\/wp\/v2\/product"}],"about":[{"href":"https:\/\/stampcurio.com\/hu\/wp-json\/wp\/v2\/types\/product"}],"wp:featuredmedia":[{"embeddable":true,"href":"https:\/\/stampcurio.com\/hu\/wp-json\/wp\/v2\/media\/16926"}],"wp:attachment":[{"href":"https:\/\/stampcurio.com\/hu\/wp-json\/wp\/v2\/media?parent=15075"}],"wp:term":[{"taxonomy":"product_brand","embeddable":true,"href":"https:\/\/stampcurio.com\/hu\/wp-json\/wp\/v2\/product_brand?post=15075"},{"taxonomy":"product_cat","embeddable":true,"href":"https:\/\/stampcurio.com\/hu\/wp-json\/wp\/v2\/product_cat?post=15075"},{"taxonomy":"product_tag","embeddable":true,"href":"https:\/\/stampcurio.com\/hu\/wp-json\/wp\/v2\/product_tag?post=15075"}],"curies":[{"name":"wp","href":"https:\/\/api.w.org\/{rel}","templated":true}]}}