{"id":15074,"date":"2024-11-29T18:28:59","date_gmt":"2024-11-29T17:28:59","guid":{"rendered":"https:\/\/stampcurio.com\/product\/1866-ausztria-levante-konzulatusi-posta-romaniaba-komplett-level-becsbe-15-sld-bukarest-lukas-lukasevic-levelzaroval\/"},"modified":"2025-12-05T04:08:39","modified_gmt":"2025-12-05T03:08:39","slug":"1866-ausztria-levante-konzulatusi-postaval-kuldott-komplett-level-becsbe-15-sld-belyeggel-bukarest-lebelyegzessel-lukas-lukasevic-levelzaroval","status":"publish","type":"product","link":"https:\/\/stampcurio.com\/hu\/termek\/1866-ausztria-levante-konzulatusi-postaval-kuldott-komplett-level-becsbe-15-sld-belyeggel-bukarest-lebelyegzessel-lukas-lukasevic-levelzaroval\/","title":{"rendered":"1866 Ausztria &#8211; Levante konzul\u00e1tusi post\u00e1val k\u00fcld\u00f6tt komplett lev\u00e9l B\u00e9csbe 15 sld b\u00e9lyeggel, Bukarest leb\u00e9lyegz\u00e9ssel &#8211; Lukas Lukasevic lev\u00e9lz\u00e1r\u00f3val"},"content":{"rendered":"","protected":false},"excerpt":{"rendered":"<p>Szolid b\u00e9lyegen \u00e1tmen\u0151 hajt\u00e1snyom, rendk\u00edv\u00fcl enyhe<\/p>\n","protected":false},"featured_media":17529,"template":"","meta":[],"product_brand":[],"product_cat":[1178,1208],"product_tag":[1664,116,194,288,89,1631],"class_list":{"0":"post-15074","1":"product","2":"type-product","3":"status-publish","4":"has-post-thumbnail","6":"product_cat-ausztria","7":"product_cat-romania","8":"product_tag-2nd-auction-hu","9":"product_tag-belyeg","10":"product_tag-levelzaro","11":"product_tag-parafilatelia","12":"product_tag-postatortenet","13":"product_tag-pre-upu","15":"first","16":"instock","17":"sold-individually","18":"shipping-taxable","19":"product-type-simple"},"_links":{"self":[{"href":"https:\/\/stampcurio.com\/hu\/wp-json\/wp\/v2\/product\/15074","targetHints":{"allow":["GET"]}}],"collection":[{"href":"https:\/\/stampcurio.com\/hu\/wp-json\/wp\/v2\/product"}],"about":[{"href":"https:\/\/stampcurio.com\/hu\/wp-json\/wp\/v2\/types\/product"}],"wp:featuredmedia":[{"embeddable":true,"href":"https:\/\/stampcurio.com\/hu\/wp-json\/wp\/v2\/media\/17529"}],"wp:attachment":[{"href":"https:\/\/stampcurio.com\/hu\/wp-json\/wp\/v2\/media?parent=15074"}],"wp:term":[{"taxonomy":"product_brand","embeddable":true,"href":"https:\/\/stampcurio.com\/hu\/wp-json\/wp\/v2\/product_brand?post=15074"},{"taxonomy":"product_cat","embeddable":true,"href":"https:\/\/stampcurio.com\/hu\/wp-json\/wp\/v2\/product_cat?post=15074"},{"taxonomy":"product_tag","embeddable":true,"href":"https:\/\/stampcurio.com\/hu\/wp-json\/wp\/v2\/product_tag?post=15074"}],"curies":[{"name":"wp","href":"https:\/\/api.w.org\/{rel}","templated":true}]}}