{"id":15073,"date":"2024-11-29T18:28:59","date_gmt":"2024-11-29T17:28:59","guid":{"rendered":"https:\/\/stampcurio.com\/product\/1958-eszakkorea-dijjegyes-legiposta-dijjegyes-svajcba-haborus-kepes-dijjegyes-lap-1950-es-tengeri-utkozetet-abrazolva-dijkiegeszitessel\/"},"modified":"2025-12-05T04:08:38","modified_gmt":"2025-12-05T03:08:38","slug":"1958-eszak-korea-haborus-kepes-dijjegyes-legiposta-levelezesi-lap-svajcba-az-1950-es-tengeri-utkozetet-abrazolva-dijkiegeszitessel","status":"publish","type":"product","link":"https:\/\/stampcurio.com\/hu\/termek\/1958-eszak-korea-haborus-kepes-dijjegyes-legiposta-levelezesi-lap-svajcba-az-1950-es-tengeri-utkozetet-abrazolva-dijkiegeszitessel\/","title":{"rendered":"1958 \u00c9szak-Korea &#8211; h\u00e1bor\u00fas k\u00e9pes d\u00edjjegyes l\u00e9giposta levelez\u00e9si lap Sv\u00e1jcba, az 1950-es tengeri \u00fctk\u00f6zetet \u00e1br\u00e1zolva d\u00edjkieg\u00e9sz\u00edt\u00e9ssel"},"content":{"rendered":"","protected":false},"excerpt":{"rendered":"","protected":false},"featured_media":17477,"template":"","meta":[],"product_brand":[],"product_cat":[1225,1191],"product_tag":[1664,116,74,97,89],"class_list":{"0":"post-15073","1":"product","2":"type-product","3":"status-publish","4":"has-post-thumbnail","6":"product_cat-eszak-korea","7":"product_cat-svajc","8":"product_tag-2nd-auction-hu","9":"product_tag-belyeg","10":"product_tag-dijjegyes","11":"product_tag-kepeslap","12":"product_tag-postatortenet","14":"first","15":"instock","16":"sold-individually","17":"shipping-taxable","18":"product-type-simple"},"_links":{"self":[{"href":"https:\/\/stampcurio.com\/hu\/wp-json\/wp\/v2\/product\/15073","targetHints":{"allow":["GET"]}}],"collection":[{"href":"https:\/\/stampcurio.com\/hu\/wp-json\/wp\/v2\/product"}],"about":[{"href":"https:\/\/stampcurio.com\/hu\/wp-json\/wp\/v2\/types\/product"}],"wp:featuredmedia":[{"embeddable":true,"href":"https:\/\/stampcurio.com\/hu\/wp-json\/wp\/v2\/media\/17477"}],"wp:attachment":[{"href":"https:\/\/stampcurio.com\/hu\/wp-json\/wp\/v2\/media?parent=15073"}],"wp:term":[{"taxonomy":"product_brand","embeddable":true,"href":"https:\/\/stampcurio.com\/hu\/wp-json\/wp\/v2\/product_brand?post=15073"},{"taxonomy":"product_cat","embeddable":true,"href":"https:\/\/stampcurio.com\/hu\/wp-json\/wp\/v2\/product_cat?post=15073"},{"taxonomy":"product_tag","embeddable":true,"href":"https:\/\/stampcurio.com\/hu\/wp-json\/wp\/v2\/product_tag?post=15073"}],"curies":[{"name":"wp","href":"https:\/\/api.w.org\/{rel}","templated":true}]}}