{"id":15071,"date":"2024-11-29T18:28:58","date_gmt":"2024-11-29T17:28:58","guid":{"rendered":"https:\/\/stampcurio.com\/product\/xxx-ddsg-1000-160-heller-felulnyomat-rendkivul-ritka-belyeg\/"},"modified":"2025-12-05T04:08:40","modified_gmt":"2025-12-05T03:08:40","slug":"1913-ddsg-1000-160-heller-felulnyomat-rendkivul-ritka-belyeg","status":"publish","type":"product","link":"https:\/\/stampcurio.com\/hu\/termek\/1913-ddsg-1000-160-heller-felulnyomat-rendkivul-ritka-belyeg\/","title":{"rendered":"1913 DDSG &#8211; 1000\/160 heller fel\u00fclnyomat &#8211; rendk\u00edv\u00fcl ritka b\u00e9lyeg"},"content":{"rendered":"","protected":false},"excerpt":{"rendered":"","protected":false},"featured_media":16922,"template":"","meta":[],"product_brand":[],"product_cat":[1178,1172],"product_tag":[1664,116,323,1325],"class_list":{"0":"post-15071","1":"product","2":"type-product","3":"status-publish","4":"has-post-thumbnail","6":"product_cat-ausztria","7":"product_cat-magyarorszag","8":"product_tag-2nd-auction-hu","9":"product_tag-belyeg","10":"product_tag-ddsg","11":"product_tag-hajo","13":"first","14":"instock","15":"sold-individually","16":"shipping-taxable","17":"product-type-simple"},"_links":{"self":[{"href":"https:\/\/stampcurio.com\/hu\/wp-json\/wp\/v2\/product\/15071","targetHints":{"allow":["GET"]}}],"collection":[{"href":"https:\/\/stampcurio.com\/hu\/wp-json\/wp\/v2\/product"}],"about":[{"href":"https:\/\/stampcurio.com\/hu\/wp-json\/wp\/v2\/types\/product"}],"wp:featuredmedia":[{"embeddable":true,"href":"https:\/\/stampcurio.com\/hu\/wp-json\/wp\/v2\/media\/16922"}],"wp:attachment":[{"href":"https:\/\/stampcurio.com\/hu\/wp-json\/wp\/v2\/media?parent=15071"}],"wp:term":[{"taxonomy":"product_brand","embeddable":true,"href":"https:\/\/stampcurio.com\/hu\/wp-json\/wp\/v2\/product_brand?post=15071"},{"taxonomy":"product_cat","embeddable":true,"href":"https:\/\/stampcurio.com\/hu\/wp-json\/wp\/v2\/product_cat?post=15071"},{"taxonomy":"product_tag","embeddable":true,"href":"https:\/\/stampcurio.com\/hu\/wp-json\/wp\/v2\/product_tag?post=15071"}],"curies":[{"name":"wp","href":"https:\/\/api.w.org\/{rel}","templated":true}]}}