{"id":15070,"date":"2024-11-29T18:28:58","date_gmt":"2024-11-29T17:28:58","guid":{"rendered":"https:\/\/stampcurio.com\/product\/1984-korosi-csoma-ezustszinnyomat-nelkul-phu-200\/"},"modified":"2025-12-05T04:08:39","modified_gmt":"2025-12-05T03:08:39","slug":"1984-magyarorszag-korosi-csoma-sandor-postatiszta-belyeg-ezust-szinnyomat-nelkul-magyar-posta-ajandeka-phu-200-eur","status":"publish","type":"product","link":"https:\/\/stampcurio.com\/hu\/termek\/1984-magyarorszag-korosi-csoma-sandor-postatiszta-belyeg-ezust-szinnyomat-nelkul-magyar-posta-ajandeka-phu-200-eur\/","title":{"rendered":"1984 Magyarorsz\u00e1g &#8211; K\u0151r\u00f6si-Csoma S\u00e1ndor postatiszta ** b\u00e9lyeg ez\u00fcst sz\u00ednnyomat n\u00e9lk\u00fcl &#8211; Magyar Posta aj\u00e1nd\u00e9ka | PHu: 200 EUR"},"content":{"rendered":"","protected":false},"excerpt":{"rendered":"","protected":false},"featured_media":16890,"template":"","meta":[],"product_brand":[],"product_cat":[1172],"product_tag":[1664,116,217,1006],"class_list":{"0":"post-15070","1":"product","2":"type-product","3":"status-publish","4":"has-post-thumbnail","6":"product_cat-magyarorszag","7":"product_tag-2nd-auction-hu","8":"product_tag-belyeg","9":"product_tag-tevnyomat","10":"product_tag-unsold","12":"first","13":"instock","14":"sold-individually","15":"shipping-taxable","16":"product-type-simple"},"_links":{"self":[{"href":"https:\/\/stampcurio.com\/hu\/wp-json\/wp\/v2\/product\/15070","targetHints":{"allow":["GET"]}}],"collection":[{"href":"https:\/\/stampcurio.com\/hu\/wp-json\/wp\/v2\/product"}],"about":[{"href":"https:\/\/stampcurio.com\/hu\/wp-json\/wp\/v2\/types\/product"}],"wp:featuredmedia":[{"embeddable":true,"href":"https:\/\/stampcurio.com\/hu\/wp-json\/wp\/v2\/media\/16890"}],"wp:attachment":[{"href":"https:\/\/stampcurio.com\/hu\/wp-json\/wp\/v2\/media?parent=15070"}],"wp:term":[{"taxonomy":"product_brand","embeddable":true,"href":"https:\/\/stampcurio.com\/hu\/wp-json\/wp\/v2\/product_brand?post=15070"},{"taxonomy":"product_cat","embeddable":true,"href":"https:\/\/stampcurio.com\/hu\/wp-json\/wp\/v2\/product_cat?post=15070"},{"taxonomy":"product_tag","embeddable":true,"href":"https:\/\/stampcurio.com\/hu\/wp-json\/wp\/v2\/product_tag?post=15070"}],"curies":[{"name":"wp","href":"https:\/\/api.w.org\/{rel}","templated":true}]}}