{"id":15069,"date":"2024-11-29T18:28:55","date_gmt":"2024-11-29T17:28:55","guid":{"rendered":"https:\/\/stampcurio.com\/product\/1971-vadaszati-vilagkiallitas-40f-fekete-szinnyomat-nelkul-pecsetelt-phu-200-eur\/"},"modified":"2025-12-05T04:08:41","modified_gmt":"2025-12-05T03:08:41","slug":"1971-magyarorszag-vadaszati-vilagkiallitas-pecsetelt-40-filler-fekete-szinnyomat-nelkul-phu-200-eur","status":"publish","type":"product","link":"https:\/\/stampcurio.com\/hu\/termek\/1971-magyarorszag-vadaszati-vilagkiallitas-pecsetelt-40-filler-fekete-szinnyomat-nelkul-phu-200-eur\/","title":{"rendered":"1971 Magyarorsz\u00e1g &#8211; Vad\u00e1szati vil\u00e1gki\u00e1ll\u00edt\u00e1s pecs\u00e9telt 40 fill\u00e9r, fekete sz\u00ednnyomat n\u00e9lk\u00fcl | PHu: 200 EUR"},"content":{"rendered":"<p>darabanthon megn\u00e9zni mennyi\u00e9rt ment el<\/p>\n","protected":false},"excerpt":{"rendered":"<p>darabanthon megn\u00e9zni mennyi\u00e9rt ment el<\/p>\n","protected":false},"featured_media":17077,"template":"","meta":[],"product_brand":[],"product_cat":[1172],"product_tag":[1664,116,217,1006],"class_list":{"0":"post-15069","1":"product","2":"type-product","3":"status-publish","4":"has-post-thumbnail","6":"product_cat-magyarorszag","7":"product_tag-2nd-auction-hu","8":"product_tag-belyeg","9":"product_tag-tevnyomat","10":"product_tag-unsold","12":"first","13":"instock","14":"sold-individually","15":"shipping-taxable","16":"product-type-simple"},"_links":{"self":[{"href":"https:\/\/stampcurio.com\/hu\/wp-json\/wp\/v2\/product\/15069","targetHints":{"allow":["GET"]}}],"collection":[{"href":"https:\/\/stampcurio.com\/hu\/wp-json\/wp\/v2\/product"}],"about":[{"href":"https:\/\/stampcurio.com\/hu\/wp-json\/wp\/v2\/types\/product"}],"wp:featuredmedia":[{"embeddable":true,"href":"https:\/\/stampcurio.com\/hu\/wp-json\/wp\/v2\/media\/17077"}],"wp:attachment":[{"href":"https:\/\/stampcurio.com\/hu\/wp-json\/wp\/v2\/media?parent=15069"}],"wp:term":[{"taxonomy":"product_brand","embeddable":true,"href":"https:\/\/stampcurio.com\/hu\/wp-json\/wp\/v2\/product_brand?post=15069"},{"taxonomy":"product_cat","embeddable":true,"href":"https:\/\/stampcurio.com\/hu\/wp-json\/wp\/v2\/product_cat?post=15069"},{"taxonomy":"product_tag","embeddable":true,"href":"https:\/\/stampcurio.com\/hu\/wp-json\/wp\/v2\/product_tag?post=15069"}],"curies":[{"name":"wp","href":"https:\/\/api.w.org\/{rel}","templated":true}]}}