{"id":15068,"date":"2024-11-29T18:28:55","date_gmt":"2024-11-29T17:28:55","guid":{"rendered":"https:\/\/stampcurio.com\/product\/1953-nepstadion-postatiszta-ivsarki-sor-vagott-phu-45-eur\/"},"modified":"2025-12-05T04:08:41","modified_gmt":"2025-12-05T03:08:41","slug":"1953-magyarorszag-nepstadion-postatiszta-ivsarki-vagott-sor-phu-45-eur","status":"publish","type":"product","link":"https:\/\/stampcurio.com\/hu\/termek\/1953-magyarorszag-nepstadion-postatiszta-ivsarki-vagott-sor-phu-45-eur\/","title":{"rendered":"1953 Magyarorsz\u00e1g &#8211; N\u00e9pstadion, postatiszta **, \u00edvsarki, v\u00e1gott sor | PHu: 45 EUR"},"content":{"rendered":"","protected":false},"excerpt":{"rendered":"","protected":false},"featured_media":16950,"template":"","meta":[],"product_brand":[],"product_cat":[1172],"product_tag":[1664,116,1006],"class_list":{"0":"post-15068","1":"product","2":"type-product","3":"status-publish","4":"has-post-thumbnail","6":"product_cat-magyarorszag","7":"product_tag-2nd-auction-hu","8":"product_tag-belyeg","9":"product_tag-unsold","11":"first","12":"instock","13":"sold-individually","14":"shipping-taxable","15":"product-type-simple"},"_links":{"self":[{"href":"https:\/\/stampcurio.com\/hu\/wp-json\/wp\/v2\/product\/15068","targetHints":{"allow":["GET"]}}],"collection":[{"href":"https:\/\/stampcurio.com\/hu\/wp-json\/wp\/v2\/product"}],"about":[{"href":"https:\/\/stampcurio.com\/hu\/wp-json\/wp\/v2\/types\/product"}],"wp:featuredmedia":[{"embeddable":true,"href":"https:\/\/stampcurio.com\/hu\/wp-json\/wp\/v2\/media\/16950"}],"wp:attachment":[{"href":"https:\/\/stampcurio.com\/hu\/wp-json\/wp\/v2\/media?parent=15068"}],"wp:term":[{"taxonomy":"product_brand","embeddable":true,"href":"https:\/\/stampcurio.com\/hu\/wp-json\/wp\/v2\/product_brand?post=15068"},{"taxonomy":"product_cat","embeddable":true,"href":"https:\/\/stampcurio.com\/hu\/wp-json\/wp\/v2\/product_cat?post=15068"},{"taxonomy":"product_tag","embeddable":true,"href":"https:\/\/stampcurio.com\/hu\/wp-json\/wp\/v2\/product_tag?post=15068"}],"curies":[{"name":"wp","href":"https:\/\/api.w.org\/{rel}","templated":true}]}}