{"id":15064,"date":"2024-11-29T18:28:54","date_gmt":"2024-11-29T17:28:54","guid":{"rendered":"https:\/\/stampcurio.com\/product\/pakisztani-dijjegyes-1972-bangladesh-felulnyomas-experimental-po-belyegzessel\/"},"modified":"2025-12-05T04:08:42","modified_gmt":"2025-12-05T03:08:42","slug":"1972-pakisztan-bangladesh-felulnyomas-dijjegyes-boritekon-es-belyegeken-experimental-po-belyegzes","status":"publish","type":"product","link":"https:\/\/stampcurio.com\/hu\/termek\/1972-pakisztan-bangladesh-felulnyomas-dijjegyes-boritekon-es-belyegeken-experimental-po-belyegzes\/","title":{"rendered":"1972 Pakiszt\u00e1n &#8211; Bangladesh fel\u00fclnyom\u00e1s d\u00edjjegyes bor\u00edt\u00e9kon \u00e9s b\u00e9lyegeken + EXPERIMENTAL PO b\u00e9lyegz\u00e9s"},"content":{"rendered":"","protected":false},"excerpt":{"rendered":"","protected":false},"featured_media":17523,"template":"","meta":[],"product_brand":[],"product_cat":[1231,1230],"product_tag":[1664,116,74,89,1006],"class_list":{"0":"post-15064","1":"product","2":"type-product","3":"status-publish","4":"has-post-thumbnail","6":"product_cat-banglades","7":"product_cat-pakisztan","8":"product_tag-2nd-auction-hu","9":"product_tag-belyeg","10":"product_tag-dijjegyes","11":"product_tag-postatortenet","12":"product_tag-unsold","14":"first","15":"instock","16":"sold-individually","17":"shipping-taxable","18":"product-type-simple"},"_links":{"self":[{"href":"https:\/\/stampcurio.com\/hu\/wp-json\/wp\/v2\/product\/15064","targetHints":{"allow":["GET"]}}],"collection":[{"href":"https:\/\/stampcurio.com\/hu\/wp-json\/wp\/v2\/product"}],"about":[{"href":"https:\/\/stampcurio.com\/hu\/wp-json\/wp\/v2\/types\/product"}],"wp:featuredmedia":[{"embeddable":true,"href":"https:\/\/stampcurio.com\/hu\/wp-json\/wp\/v2\/media\/17523"}],"wp:attachment":[{"href":"https:\/\/stampcurio.com\/hu\/wp-json\/wp\/v2\/media?parent=15064"}],"wp:term":[{"taxonomy":"product_brand","embeddable":true,"href":"https:\/\/stampcurio.com\/hu\/wp-json\/wp\/v2\/product_brand?post=15064"},{"taxonomy":"product_cat","embeddable":true,"href":"https:\/\/stampcurio.com\/hu\/wp-json\/wp\/v2\/product_cat?post=15064"},{"taxonomy":"product_tag","embeddable":true,"href":"https:\/\/stampcurio.com\/hu\/wp-json\/wp\/v2\/product_tag?post=15064"}],"curies":[{"name":"wp","href":"https:\/\/api.w.org\/{rel}","templated":true}]}}