{"id":15063,"date":"2024-11-29T18:28:54","date_gmt":"2024-11-29T17:28:54","guid":{"rendered":"https:\/\/stampcurio.com\/product\/xxx-tanacskoztarsasag-probanyomat-leirast-az-elozobol-atvesszuk\/"},"modified":"2025-12-05T04:08:41","modified_gmt":"2025-12-05T03:08:41","slug":"1919-magyarorszag-tanacskoztarsasag-dozsa-gyorgy-a-varadi-fele-100-peldanyban-keszult-belyegterv-gara-arnold-altal-szignozva","status":"publish","type":"product","link":"https:\/\/stampcurio.com\/hu\/termek\/1919-magyarorszag-tanacskoztarsasag-dozsa-gyorgy-a-varadi-fele-100-peldanyban-keszult-belyegterv-gara-arnold-altal-szignozva\/","title":{"rendered":"1919 Magyarorsz\u00e1g &#8211; Tan\u00e1csk\u00f6zt\u00e1rsas\u00e1g D\u00f3zsa Gy\u00f6rgy &#8211; a V\u00e1radi f\u00e9le 100 p\u00e9ld\u00e1nyban k\u00e9sz\u00fclt b\u00e9lyegterv, Gara Arnold \u00e1ltal szign\u00f3zva"},"content":{"rendered":"","protected":false},"excerpt":{"rendered":"","protected":false},"featured_media":17471,"template":"","meta":[],"product_brand":[],"product_cat":[1172],"product_tag":[1664,116,1377],"class_list":{"0":"post-15063","1":"product","2":"type-product","3":"status-publish","4":"has-post-thumbnail","6":"product_cat-magyarorszag","7":"product_tag-2nd-auction-hu","8":"product_tag-belyeg","9":"product_tag-belyegterv","11":"first","12":"instock","13":"sold-individually","14":"shipping-taxable","15":"product-type-simple"},"_links":{"self":[{"href":"https:\/\/stampcurio.com\/hu\/wp-json\/wp\/v2\/product\/15063","targetHints":{"allow":["GET"]}}],"collection":[{"href":"https:\/\/stampcurio.com\/hu\/wp-json\/wp\/v2\/product"}],"about":[{"href":"https:\/\/stampcurio.com\/hu\/wp-json\/wp\/v2\/types\/product"}],"wp:featuredmedia":[{"embeddable":true,"href":"https:\/\/stampcurio.com\/hu\/wp-json\/wp\/v2\/media\/17471"}],"wp:attachment":[{"href":"https:\/\/stampcurio.com\/hu\/wp-json\/wp\/v2\/media?parent=15063"}],"wp:term":[{"taxonomy":"product_brand","embeddable":true,"href":"https:\/\/stampcurio.com\/hu\/wp-json\/wp\/v2\/product_brand?post=15063"},{"taxonomy":"product_cat","embeddable":true,"href":"https:\/\/stampcurio.com\/hu\/wp-json\/wp\/v2\/product_cat?post=15063"},{"taxonomy":"product_tag","embeddable":true,"href":"https:\/\/stampcurio.com\/hu\/wp-json\/wp\/v2\/product_tag?post=15063"}],"curies":[{"name":"wp","href":"https:\/\/api.w.org\/{rel}","templated":true}]}}