{"id":15062,"date":"2024-11-29T18:28:53","date_gmt":"2024-11-29T17:28:53","guid":{"rendered":"https:\/\/stampcurio.com\/product\/1939-legiposta-budapest-kanada-hongkong-kanada-yyy-vilagkorul-boklaszo-legiposta-level-kanadai-magyar-bermentesitessel\/"},"modified":"2025-12-05T04:08:43","modified_gmt":"2025-12-05T03:08:43","slug":"1939-magyarorszag-vilagkorul-boklaszo-legiposta-level-budapest-kanada-hongkong-kanadai-es-magyar-bermentesitessel","status":"publish","type":"product","link":"https:\/\/stampcurio.com\/hu\/termek\/1939-magyarorszag-vilagkorul-boklaszo-legiposta-level-budapest-kanada-hongkong-kanadai-es-magyar-bermentesitessel\/","title":{"rendered":"1939 Magyarorsz\u00e1g &#8211; vil\u00e1gk\u00f6r\u00fcl b\u00f3kl\u00e1sz\u00f3 l\u00e9giposta lev\u00e9l &#8211; Budapest &#8211; Kanada &#8211; Hongkong, kanadai \u00e9s magyar b\u00e9rmentes\u00edt\u00e9ssel"},"content":{"rendered":"<p>el\u0151z\u0151t megn\u00e9zni<\/p>\n","protected":false},"excerpt":{"rendered":"<p>el\u0151z\u0151t megn\u00e9zni<\/p>\n","protected":false},"featured_media":17406,"template":"","meta":[],"product_brand":[],"product_cat":[1186,1234,1233,1172],"product_tag":[1664,116,115,1041,89],"class_list":{"0":"post-15062","1":"product","2":"type-product","3":"status-publish","4":"has-post-thumbnail","6":"product_cat-brit-birodalom","7":"product_cat-hongkong","8":"product_cat-kanada","9":"product_cat-magyarorszag","10":"product_tag-2nd-auction-hu","11":"product_tag-belyeg","12":"product_tag-legiposta","13":"product_tag-marcophily-hu","14":"product_tag-postatortenet","16":"first","17":"instock","18":"sold-individually","19":"shipping-taxable","20":"product-type-simple"},"_links":{"self":[{"href":"https:\/\/stampcurio.com\/hu\/wp-json\/wp\/v2\/product\/15062","targetHints":{"allow":["GET"]}}],"collection":[{"href":"https:\/\/stampcurio.com\/hu\/wp-json\/wp\/v2\/product"}],"about":[{"href":"https:\/\/stampcurio.com\/hu\/wp-json\/wp\/v2\/types\/product"}],"wp:featuredmedia":[{"embeddable":true,"href":"https:\/\/stampcurio.com\/hu\/wp-json\/wp\/v2\/media\/17406"}],"wp:attachment":[{"href":"https:\/\/stampcurio.com\/hu\/wp-json\/wp\/v2\/media?parent=15062"}],"wp:term":[{"taxonomy":"product_brand","embeddable":true,"href":"https:\/\/stampcurio.com\/hu\/wp-json\/wp\/v2\/product_brand?post=15062"},{"taxonomy":"product_cat","embeddable":true,"href":"https:\/\/stampcurio.com\/hu\/wp-json\/wp\/v2\/product_cat?post=15062"},{"taxonomy":"product_tag","embeddable":true,"href":"https:\/\/stampcurio.com\/hu\/wp-json\/wp\/v2\/product_tag?post=15062"}],"curies":[{"name":"wp","href":"https:\/\/api.w.org\/{rel}","templated":true}]}}