{"id":15061,"date":"2024-11-29T18:28:53","date_gmt":"2024-11-29T17:28:53","guid":{"rendered":"https:\/\/stampcurio.com\/product\/1954-vagott-lenin-sor-ivsarki-phu-45-eur-hu\/"},"modified":"2025-12-05T04:08:43","modified_gmt":"2025-12-05T03:08:43","slug":"1954-magyarorszag-lenin-vagott-ivsarki-postatiszta-sor-phu-45-eur","status":"publish","type":"product","link":"https:\/\/stampcurio.com\/hu\/termek\/1954-magyarorszag-lenin-vagott-ivsarki-postatiszta-sor-phu-45-eur\/","title":{"rendered":"1954 Magyarorsz\u00e1g &#8211; Lenin, v\u00e1gott, \u00edvsarki, postatiszta ** sor | PHu: 45 EUR"},"content":{"rendered":"","protected":false},"excerpt":{"rendered":"","protected":false},"featured_media":17037,"template":"","meta":[],"product_brand":[],"product_cat":[1172],"product_tag":[1664,116,1006],"class_list":{"0":"post-15061","1":"product","2":"type-product","3":"status-publish","4":"has-post-thumbnail","6":"product_cat-magyarorszag","7":"product_tag-2nd-auction-hu","8":"product_tag-belyeg","9":"product_tag-unsold","11":"first","12":"instock","13":"sold-individually","14":"shipping-taxable","15":"product-type-simple"},"_links":{"self":[{"href":"https:\/\/stampcurio.com\/hu\/wp-json\/wp\/v2\/product\/15061","targetHints":{"allow":["GET"]}}],"collection":[{"href":"https:\/\/stampcurio.com\/hu\/wp-json\/wp\/v2\/product"}],"about":[{"href":"https:\/\/stampcurio.com\/hu\/wp-json\/wp\/v2\/types\/product"}],"wp:featuredmedia":[{"embeddable":true,"href":"https:\/\/stampcurio.com\/hu\/wp-json\/wp\/v2\/media\/17037"}],"wp:attachment":[{"href":"https:\/\/stampcurio.com\/hu\/wp-json\/wp\/v2\/media?parent=15061"}],"wp:term":[{"taxonomy":"product_brand","embeddable":true,"href":"https:\/\/stampcurio.com\/hu\/wp-json\/wp\/v2\/product_brand?post=15061"},{"taxonomy":"product_cat","embeddable":true,"href":"https:\/\/stampcurio.com\/hu\/wp-json\/wp\/v2\/product_cat?post=15061"},{"taxonomy":"product_tag","embeddable":true,"href":"https:\/\/stampcurio.com\/hu\/wp-json\/wp\/v2\/product_tag?post=15061"}],"curies":[{"name":"wp","href":"https:\/\/api.w.org\/{rel}","templated":true}]}}