{"id":15060,"date":"2024-11-29T18:28:53","date_gmt":"2024-11-29T17:28:53","guid":{"rendered":"https:\/\/stampcurio.com\/product\/1961-belyegkiallitas-ezust-szinu-vagott-kisivsor-phu-50-eur-0169-azonos-sorszammal\/"},"modified":"2025-12-05T04:08:42","modified_gmt":"2025-12-05T03:08:42","slug":"1961-magyarorszag-belyegkiallitas-ezust-szinu-vagott-kisivsor-0169-azonos-sorszammal-phu-50-eur","status":"publish","type":"product","link":"https:\/\/stampcurio.com\/hu\/termek\/1961-magyarorszag-belyegkiallitas-ezust-szinu-vagott-kisivsor-0169-azonos-sorszammal-phu-50-eur\/","title":{"rendered":"1961 Magyarorsz\u00e1g &#8211; B\u00e9lyegki\u00e1ll\u00edt\u00e1s ez\u00fcst sz\u00edn\u0171 v\u00e1gott kis\u00edvsor, 0169 azonos sorsz\u00e1mmal | PHu: 50 EUR++"},"content":{"rendered":"","protected":false},"excerpt":{"rendered":"","protected":false},"featured_media":17071,"template":"","meta":[],"product_brand":[],"product_cat":[1172],"product_tag":[1664,116,1006],"class_list":{"0":"post-15060","1":"product","2":"type-product","3":"status-publish","4":"has-post-thumbnail","6":"product_cat-magyarorszag","7":"product_tag-2nd-auction-hu","8":"product_tag-belyeg","9":"product_tag-unsold","11":"first","12":"instock","13":"sold-individually","14":"shipping-taxable","15":"product-type-simple"},"_links":{"self":[{"href":"https:\/\/stampcurio.com\/hu\/wp-json\/wp\/v2\/product\/15060","targetHints":{"allow":["GET"]}}],"collection":[{"href":"https:\/\/stampcurio.com\/hu\/wp-json\/wp\/v2\/product"}],"about":[{"href":"https:\/\/stampcurio.com\/hu\/wp-json\/wp\/v2\/types\/product"}],"wp:featuredmedia":[{"embeddable":true,"href":"https:\/\/stampcurio.com\/hu\/wp-json\/wp\/v2\/media\/17071"}],"wp:attachment":[{"href":"https:\/\/stampcurio.com\/hu\/wp-json\/wp\/v2\/media?parent=15060"}],"wp:term":[{"taxonomy":"product_brand","embeddable":true,"href":"https:\/\/stampcurio.com\/hu\/wp-json\/wp\/v2\/product_brand?post=15060"},{"taxonomy":"product_cat","embeddable":true,"href":"https:\/\/stampcurio.com\/hu\/wp-json\/wp\/v2\/product_cat?post=15060"},{"taxonomy":"product_tag","embeddable":true,"href":"https:\/\/stampcurio.com\/hu\/wp-json\/wp\/v2\/product_tag?post=15060"}],"curies":[{"name":"wp","href":"https:\/\/api.w.org\/{rel}","templated":true}]}}