{"id":15059,"date":"2024-11-29T18:28:52","date_gmt":"2024-11-29T17:28:52","guid":{"rendered":"https:\/\/stampcurio.com\/product\/1817-hivatalos-okirat-nemet-piros-szinu-osztrak-szignettakkal\/"},"modified":"2025-12-05T04:08:44","modified_gmt":"2025-12-05T03:08:44","slug":"1817-ausztria-hivatalos-okirat-piros-szinu-szignettakkal","status":"publish","type":"product","link":"https:\/\/stampcurio.com\/hu\/termek\/1817-ausztria-hivatalos-okirat-piros-szinu-szignettakkal\/","title":{"rendered":"1817 Ausztria &#8211; hivatalos okirat piros (!) sz\u00edn\u0171 szignett\u00e1kkal"},"content":{"rendered":"","protected":false},"excerpt":{"rendered":"","protected":false},"featured_media":17314,"template":"","meta":[],"product_brand":[],"product_cat":[1178,1175],"product_tag":[1664,282,1329,1006],"class_list":{"0":"post-15059","1":"product","2":"type-product","3":"status-publish","4":"has-post-thumbnail","6":"product_cat-ausztria","7":"product_cat-nemetorszag","8":"product_tag-2nd-auction-hu","9":"product_tag-okmanybelyeg","10":"product_tag-szignetta","11":"product_tag-unsold","13":"first","14":"instock","15":"sold-individually","16":"shipping-taxable","17":"product-type-simple"},"_links":{"self":[{"href":"https:\/\/stampcurio.com\/hu\/wp-json\/wp\/v2\/product\/15059","targetHints":{"allow":["GET"]}}],"collection":[{"href":"https:\/\/stampcurio.com\/hu\/wp-json\/wp\/v2\/product"}],"about":[{"href":"https:\/\/stampcurio.com\/hu\/wp-json\/wp\/v2\/types\/product"}],"wp:featuredmedia":[{"embeddable":true,"href":"https:\/\/stampcurio.com\/hu\/wp-json\/wp\/v2\/media\/17314"}],"wp:attachment":[{"href":"https:\/\/stampcurio.com\/hu\/wp-json\/wp\/v2\/media?parent=15059"}],"wp:term":[{"taxonomy":"product_brand","embeddable":true,"href":"https:\/\/stampcurio.com\/hu\/wp-json\/wp\/v2\/product_brand?post=15059"},{"taxonomy":"product_cat","embeddable":true,"href":"https:\/\/stampcurio.com\/hu\/wp-json\/wp\/v2\/product_cat?post=15059"},{"taxonomy":"product_tag","embeddable":true,"href":"https:\/\/stampcurio.com\/hu\/wp-json\/wp\/v2\/product_tag?post=15059"}],"curies":[{"name":"wp","href":"https:\/\/api.w.org\/{rel}","templated":true}]}}