{"id":15058,"date":"2024-11-29T18:28:52","date_gmt":"2024-11-29T17:28:52","guid":{"rendered":"https:\/\/stampcurio.com\/product\/1972-pakisztani-belyegek-kulonbozo-provizoriikus-felullnyomatokkal-bangladesh-3-level\/"},"modified":"2025-12-05T04:08:44","modified_gmt":"2025-12-05T03:08:44","slug":"1972-pakisztan-harom-boritek-kulonbozo-provizorikus-bangladesh-felulnyomasu-belyegek","status":"publish","type":"product","link":"https:\/\/stampcurio.com\/hu\/termek\/1972-pakisztan-harom-boritek-kulonbozo-provizorikus-bangladesh-felulnyomasu-belyegek\/","title":{"rendered":"1972 Pakiszt\u00e1n &#8211; h\u00e1rom bor\u00edt\u00e9k k\u00fcl\u00f6nb\u00f6z\u0151 proviz\u00f3rikus Bangladesh fel\u00fclnyom\u00e1s\u00fa b\u00e9lyegek"},"content":{"rendered":"","protected":false},"excerpt":{"rendered":"","protected":false},"featured_media":17286,"template":"","meta":[],"product_brand":[],"product_cat":[1231,1230],"product_tag":[1664,116,89,1006],"class_list":{"0":"post-15058","1":"product","2":"type-product","3":"status-publish","4":"has-post-thumbnail","6":"product_cat-banglades","7":"product_cat-pakisztan","8":"product_tag-2nd-auction-hu","9":"product_tag-belyeg","10":"product_tag-postatortenet","11":"product_tag-unsold","13":"first","14":"instock","15":"sold-individually","16":"shipping-taxable","17":"product-type-simple"},"_links":{"self":[{"href":"https:\/\/stampcurio.com\/hu\/wp-json\/wp\/v2\/product\/15058","targetHints":{"allow":["GET"]}}],"collection":[{"href":"https:\/\/stampcurio.com\/hu\/wp-json\/wp\/v2\/product"}],"about":[{"href":"https:\/\/stampcurio.com\/hu\/wp-json\/wp\/v2\/types\/product"}],"wp:featuredmedia":[{"embeddable":true,"href":"https:\/\/stampcurio.com\/hu\/wp-json\/wp\/v2\/media\/17286"}],"wp:attachment":[{"href":"https:\/\/stampcurio.com\/hu\/wp-json\/wp\/v2\/media?parent=15058"}],"wp:term":[{"taxonomy":"product_brand","embeddable":true,"href":"https:\/\/stampcurio.com\/hu\/wp-json\/wp\/v2\/product_brand?post=15058"},{"taxonomy":"product_cat","embeddable":true,"href":"https:\/\/stampcurio.com\/hu\/wp-json\/wp\/v2\/product_cat?post=15058"},{"taxonomy":"product_tag","embeddable":true,"href":"https:\/\/stampcurio.com\/hu\/wp-json\/wp\/v2\/product_tag?post=15058"}],"curies":[{"name":"wp","href":"https:\/\/api.w.org\/{rel}","templated":true}]}}