{"id":15057,"date":"2024-11-29T18:28:52","date_gmt":"2024-11-29T17:28:52","guid":{"rendered":"https:\/\/stampcurio.com\/product\/1934-legiposta-koznapi-argentinaba-ritka-repulo-2-5p-bermentesitessel\/"},"modified":"2025-12-05T04:08:44","modified_gmt":"2025-12-05T03:08:44","slug":"1934-magyarorszag-koznapi-legiposta-level-argentinaba-ritka-repulo-ii-5p-a-bermenetesitesben","status":"publish","type":"product","link":"https:\/\/stampcurio.com\/hu\/termek\/1934-magyarorszag-koznapi-legiposta-level-argentinaba-ritka-repulo-ii-5p-a-bermenetesitesben\/","title":{"rendered":"1934 Magyarorsz\u00e1g &#8211; k\u00f6znapi l\u00e9giposta lev\u00e9l Argent\u00edn\u00e1ba, ritka rep\u00fcl\u0151 II. 5P a b\u00e9rmenetes\u00edt\u00e9sben"},"content":{"rendered":"","protected":false},"excerpt":{"rendered":"","protected":false},"featured_media":17336,"template":"","meta":[],"product_brand":[],"product_cat":[1229,1172],"product_tag":[1664,116,115,89],"class_list":{"0":"post-15057","1":"product","2":"type-product","3":"status-publish","4":"has-post-thumbnail","6":"product_cat-argentina","7":"product_cat-magyarorszag","8":"product_tag-2nd-auction-hu","9":"product_tag-belyeg","10":"product_tag-legiposta","11":"product_tag-postatortenet","13":"first","14":"instock","15":"sold-individually","16":"shipping-taxable","17":"product-type-simple"},"_links":{"self":[{"href":"https:\/\/stampcurio.com\/hu\/wp-json\/wp\/v2\/product\/15057","targetHints":{"allow":["GET"]}}],"collection":[{"href":"https:\/\/stampcurio.com\/hu\/wp-json\/wp\/v2\/product"}],"about":[{"href":"https:\/\/stampcurio.com\/hu\/wp-json\/wp\/v2\/types\/product"}],"wp:featuredmedia":[{"embeddable":true,"href":"https:\/\/stampcurio.com\/hu\/wp-json\/wp\/v2\/media\/17336"}],"wp:attachment":[{"href":"https:\/\/stampcurio.com\/hu\/wp-json\/wp\/v2\/media?parent=15057"}],"wp:term":[{"taxonomy":"product_brand","embeddable":true,"href":"https:\/\/stampcurio.com\/hu\/wp-json\/wp\/v2\/product_brand?post=15057"},{"taxonomy":"product_cat","embeddable":true,"href":"https:\/\/stampcurio.com\/hu\/wp-json\/wp\/v2\/product_cat?post=15057"},{"taxonomy":"product_tag","embeddable":true,"href":"https:\/\/stampcurio.com\/hu\/wp-json\/wp\/v2\/product_tag?post=15057"}],"curies":[{"name":"wp","href":"https:\/\/api.w.org\/{rel}","templated":true}]}}