{"id":15056,"date":"2024-11-29T18:28:52","date_gmt":"2024-11-29T17:28:52","guid":{"rendered":"https:\/\/stampcurio.com\/product\/zeppelin-1932-elso-delamerika-repules\/"},"modified":"2025-12-05T04:08:43","modified_gmt":"2025-12-05T03:08:43","slug":"1932-magyarorszag-argentinaba-kuldott-levelezolap-a-zeppelin-elso-del-amerika-repulesesvel","status":"publish","type":"product","link":"https:\/\/stampcurio.com\/hu\/termek\/1932-magyarorszag-argentinaba-kuldott-levelezolap-a-zeppelin-elso-del-amerika-repulesesvel\/","title":{"rendered":"1932 Magyarorsz\u00e1g &#8211; Argentin\u00e1ba k\u00fcld\u00f6tt levelez\u0151lap a Zeppelin Els\u0151 D\u00e9l-Amerika rep\u00fcl\u00e9s\u00e9svel"},"content":{"rendered":"","protected":false},"excerpt":{"rendered":"","protected":false},"featured_media":23634,"template":"","meta":[],"product_brand":[],"product_cat":[1229,1172],"product_tag":[1664,116,115,89,1006,150],"class_list":{"0":"post-15056","1":"product","2":"type-product","3":"status-publish","4":"has-post-thumbnail","6":"product_cat-argentina","7":"product_cat-magyarorszag","8":"product_tag-2nd-auction-hu","9":"product_tag-belyeg","10":"product_tag-legiposta","11":"product_tag-postatortenet","12":"product_tag-unsold","13":"product_tag-zeppelin","15":"first","16":"instock","17":"sold-individually","18":"shipping-taxable","19":"product-type-simple"},"_links":{"self":[{"href":"https:\/\/stampcurio.com\/hu\/wp-json\/wp\/v2\/product\/15056","targetHints":{"allow":["GET"]}}],"collection":[{"href":"https:\/\/stampcurio.com\/hu\/wp-json\/wp\/v2\/product"}],"about":[{"href":"https:\/\/stampcurio.com\/hu\/wp-json\/wp\/v2\/types\/product"}],"wp:featuredmedia":[{"embeddable":true,"href":"https:\/\/stampcurio.com\/hu\/wp-json\/wp\/v2\/media\/23634"}],"wp:attachment":[{"href":"https:\/\/stampcurio.com\/hu\/wp-json\/wp\/v2\/media?parent=15056"}],"wp:term":[{"taxonomy":"product_brand","embeddable":true,"href":"https:\/\/stampcurio.com\/hu\/wp-json\/wp\/v2\/product_brand?post=15056"},{"taxonomy":"product_cat","embeddable":true,"href":"https:\/\/stampcurio.com\/hu\/wp-json\/wp\/v2\/product_cat?post=15056"},{"taxonomy":"product_tag","embeddable":true,"href":"https:\/\/stampcurio.com\/hu\/wp-json\/wp\/v2\/product_tag?post=15056"}],"curies":[{"name":"wp","href":"https:\/\/api.w.org\/{rel}","templated":true}]}}