{"id":15055,"date":"2024-11-29T18:28:51","date_gmt":"2024-11-29T17:28:51","guid":{"rendered":"https:\/\/stampcurio.com\/product\/1950-korul-xxx-dijjegyes-kepeslap-10-won-kiegeszitessel-magyarorszagra-eszak-korea-koznapi-level-nem-filatelista-futtatas\/"},"modified":"2025-12-05T04:08:46","modified_gmt":"2025-12-05T03:08:46","slug":"1950-eszak-korea-dijjegyes-kepeslap-10-won-kiegeszitessel-magyarorszagra-kuldve-koznapi-level-nem-filatelista-futtatas","status":"publish","type":"product","link":"https:\/\/stampcurio.com\/hu\/termek\/1950-eszak-korea-dijjegyes-kepeslap-10-won-kiegeszitessel-magyarorszagra-kuldve-koznapi-level-nem-filatelista-futtatas\/","title":{"rendered":"1950 \u00c9szak-Korea &#8211; d\u00edjjegyes k\u00e9peslap 10 won kieg\u00e9sz\u00edt\u00e9ssel Magyarorsz\u00e1gra k\u00fcldve &#8211; k\u00f6znapi lev\u00e9l, nem filatelista futtat\u00e1s"},"content":{"rendered":"","protected":false},"excerpt":{"rendered":"","protected":false},"featured_media":17332,"template":"","meta":[],"product_brand":[],"product_cat":[1225,1172],"product_tag":[1664,74,97,89],"class_list":{"0":"post-15055","1":"product","2":"type-product","3":"status-publish","4":"has-post-thumbnail","6":"product_cat-eszak-korea","7":"product_cat-magyarorszag","8":"product_tag-2nd-auction-hu","9":"product_tag-dijjegyes","10":"product_tag-kepeslap","11":"product_tag-postatortenet","13":"first","14":"instock","15":"sold-individually","16":"shipping-taxable","17":"product-type-simple"},"_links":{"self":[{"href":"https:\/\/stampcurio.com\/hu\/wp-json\/wp\/v2\/product\/15055","targetHints":{"allow":["GET"]}}],"collection":[{"href":"https:\/\/stampcurio.com\/hu\/wp-json\/wp\/v2\/product"}],"about":[{"href":"https:\/\/stampcurio.com\/hu\/wp-json\/wp\/v2\/types\/product"}],"wp:featuredmedia":[{"embeddable":true,"href":"https:\/\/stampcurio.com\/hu\/wp-json\/wp\/v2\/media\/17332"}],"wp:attachment":[{"href":"https:\/\/stampcurio.com\/hu\/wp-json\/wp\/v2\/media?parent=15055"}],"wp:term":[{"taxonomy":"product_brand","embeddable":true,"href":"https:\/\/stampcurio.com\/hu\/wp-json\/wp\/v2\/product_brand?post=15055"},{"taxonomy":"product_cat","embeddable":true,"href":"https:\/\/stampcurio.com\/hu\/wp-json\/wp\/v2\/product_cat?post=15055"},{"taxonomy":"product_tag","embeddable":true,"href":"https:\/\/stampcurio.com\/hu\/wp-json\/wp\/v2\/product_tag?post=15055"}],"curies":[{"name":"wp","href":"https:\/\/api.w.org\/{rel}","templated":true}]}}