{"id":15054,"date":"2024-11-29T18:28:51","date_gmt":"2024-11-29T17:28:51","guid":{"rendered":"https:\/\/stampcurio.com\/product\/1946-svajc-pax-2-frank-ajanlott-expressz-legiposta-valoban-futott-levelen-magyarorszagra-kuldve\/"},"modified":"2025-12-05T04:08:45","modified_gmt":"2025-12-05T03:08:45","slug":"1946-svajc-a-pax-sor-2-frankos-erteke-valoban-futott-expressz-ajanlott-legiposta-boritekon-magyarorszagra-kuldve","status":"publish","type":"product","link":"https:\/\/stampcurio.com\/hu\/termek\/1946-svajc-a-pax-sor-2-frankos-erteke-valoban-futott-expressz-ajanlott-legiposta-boritekon-magyarorszagra-kuldve\/","title":{"rendered":"1946 Sv\u00e1jc &#8211; a Pax sor 2 frankos \u00e9rt\u00e9ke val\u00f3ban futott, expressz aj\u00e1nlott, l\u00e9giposta bor\u00edt\u00e9kon Magyarorsz\u00e1gra k\u00fcldve"},"content":{"rendered":"","protected":false},"excerpt":{"rendered":"","protected":false},"featured_media":17402,"template":"","meta":[],"product_brand":[],"product_cat":[1172,1191],"product_tag":[1664,116,115,89,1006],"class_list":{"0":"post-15054","1":"product","2":"type-product","3":"status-publish","4":"has-post-thumbnail","6":"product_cat-magyarorszag","7":"product_cat-svajc","8":"product_tag-2nd-auction-hu","9":"product_tag-belyeg","10":"product_tag-legiposta","11":"product_tag-postatortenet","12":"product_tag-unsold","14":"first","15":"instock","16":"sold-individually","17":"shipping-taxable","18":"product-type-simple"},"_links":{"self":[{"href":"https:\/\/stampcurio.com\/hu\/wp-json\/wp\/v2\/product\/15054","targetHints":{"allow":["GET"]}}],"collection":[{"href":"https:\/\/stampcurio.com\/hu\/wp-json\/wp\/v2\/product"}],"about":[{"href":"https:\/\/stampcurio.com\/hu\/wp-json\/wp\/v2\/types\/product"}],"wp:featuredmedia":[{"embeddable":true,"href":"https:\/\/stampcurio.com\/hu\/wp-json\/wp\/v2\/media\/17402"}],"wp:attachment":[{"href":"https:\/\/stampcurio.com\/hu\/wp-json\/wp\/v2\/media?parent=15054"}],"wp:term":[{"taxonomy":"product_brand","embeddable":true,"href":"https:\/\/stampcurio.com\/hu\/wp-json\/wp\/v2\/product_brand?post=15054"},{"taxonomy":"product_cat","embeddable":true,"href":"https:\/\/stampcurio.com\/hu\/wp-json\/wp\/v2\/product_cat?post=15054"},{"taxonomy":"product_tag","embeddable":true,"href":"https:\/\/stampcurio.com\/hu\/wp-json\/wp\/v2\/product_tag?post=15054"}],"curies":[{"name":"wp","href":"https:\/\/api.w.org\/{rel}","templated":true}]}}