{"id":15053,"date":"2024-11-29T18:28:51","date_gmt":"2024-11-29T17:28:51","guid":{"rendered":"https:\/\/stampcurio.com\/product\/1928-legiposta-budapest-becs-zurich-piros-budapest-becs-belyegzovel\/"},"modified":"2025-12-05T04:08:45","modified_gmt":"2025-12-05T03:08:45","slug":"1928-magyarorszag-legiposta-level-budapest-becs-zurich-ritka-budapest-becs-piros-belyegzovel","status":"publish","type":"product","link":"https:\/\/stampcurio.com\/hu\/termek\/1928-magyarorszag-legiposta-level-budapest-becs-zurich-ritka-budapest-becs-piros-belyegzovel\/","title":{"rendered":"1928 Magyarorsz\u00e1g &#8211; l\u00e9giposta lev\u00e9l Budapest &#8211; B\u00e9cs &#8211; Z\u00fcrich, ritka Budapest &#8211; B\u00e9cs piros b\u00e9lyegz\u0151vel"},"content":{"rendered":"","protected":false},"excerpt":{"rendered":"","protected":false},"featured_media":17395,"template":"","meta":[],"product_brand":[],"product_cat":[1178,1172,1191],"product_tag":[1664,115,1041,89],"class_list":{"0":"post-15053","1":"product","2":"type-product","3":"status-publish","4":"has-post-thumbnail","6":"product_cat-ausztria","7":"product_cat-magyarorszag","8":"product_cat-svajc","9":"product_tag-2nd-auction-hu","10":"product_tag-legiposta","11":"product_tag-marcophily-hu","12":"product_tag-postatortenet","14":"first","15":"instock","16":"sold-individually","17":"shipping-taxable","18":"product-type-simple"},"_links":{"self":[{"href":"https:\/\/stampcurio.com\/hu\/wp-json\/wp\/v2\/product\/15053","targetHints":{"allow":["GET"]}}],"collection":[{"href":"https:\/\/stampcurio.com\/hu\/wp-json\/wp\/v2\/product"}],"about":[{"href":"https:\/\/stampcurio.com\/hu\/wp-json\/wp\/v2\/types\/product"}],"wp:featuredmedia":[{"embeddable":true,"href":"https:\/\/stampcurio.com\/hu\/wp-json\/wp\/v2\/media\/17395"}],"wp:attachment":[{"href":"https:\/\/stampcurio.com\/hu\/wp-json\/wp\/v2\/media?parent=15053"}],"wp:term":[{"taxonomy":"product_brand","embeddable":true,"href":"https:\/\/stampcurio.com\/hu\/wp-json\/wp\/v2\/product_brand?post=15053"},{"taxonomy":"product_cat","embeddable":true,"href":"https:\/\/stampcurio.com\/hu\/wp-json\/wp\/v2\/product_cat?post=15053"},{"taxonomy":"product_tag","embeddable":true,"href":"https:\/\/stampcurio.com\/hu\/wp-json\/wp\/v2\/product_tag?post=15053"}],"curies":[{"name":"wp","href":"https:\/\/api.w.org\/{rel}","templated":true}]}}