{"id":15051,"date":"2024-11-29T18:28:50","date_gmt":"2024-11-29T17:28:50","guid":{"rendered":"https:\/\/stampcurio.com\/product\/1955-varso-vilagifjusagi-talalkozo-postatiszta-levelzaro-teljes-sor-hu\/"},"modified":"2025-12-05T04:08:46","modified_gmt":"2025-12-05T03:08:46","slug":"1955-magyarorszag-varso-vilagifjusagi-talalkozo-postatiszta-teljes-sor-levelzaro-benne-a-ritka-100-ft-ertekkel","status":"publish","type":"product","link":"https:\/\/stampcurio.com\/hu\/termek\/1955-magyarorszag-varso-vilagifjusagi-talalkozo-postatiszta-teljes-sor-levelzaro-benne-a-ritka-100-ft-ertekkel\/","title":{"rendered":"1955 Magyarorsz\u00e1g &#8211; Vars\u00f3 Vil\u00e1gifj\u00fas\u00e1gi tal\u00e1lkoz\u00f3 postatiszta ** teljes sor lev\u00e9lz\u00e1r\u00f3 &#8211; benne a ritka 100 Ft \u00e9rt\u00e9kkel"},"content":{"rendered":"","protected":false},"excerpt":{"rendered":"","protected":false},"featured_media":17008,"template":"","meta":[],"product_brand":[],"product_cat":[1190,1172],"product_tag":[1664,116,194,288],"class_list":{"0":"post-15051","1":"product","2":"type-product","3":"status-publish","4":"has-post-thumbnail","6":"product_cat-lengyelorszag","7":"product_cat-magyarorszag","8":"product_tag-2nd-auction-hu","9":"product_tag-belyeg","10":"product_tag-levelzaro","11":"product_tag-parafilatelia","13":"first","14":"instock","15":"sold-individually","16":"shipping-taxable","17":"product-type-simple"},"_links":{"self":[{"href":"https:\/\/stampcurio.com\/hu\/wp-json\/wp\/v2\/product\/15051","targetHints":{"allow":["GET"]}}],"collection":[{"href":"https:\/\/stampcurio.com\/hu\/wp-json\/wp\/v2\/product"}],"about":[{"href":"https:\/\/stampcurio.com\/hu\/wp-json\/wp\/v2\/types\/product"}],"wp:featuredmedia":[{"embeddable":true,"href":"https:\/\/stampcurio.com\/hu\/wp-json\/wp\/v2\/media\/17008"}],"wp:attachment":[{"href":"https:\/\/stampcurio.com\/hu\/wp-json\/wp\/v2\/media?parent=15051"}],"wp:term":[{"taxonomy":"product_brand","embeddable":true,"href":"https:\/\/stampcurio.com\/hu\/wp-json\/wp\/v2\/product_brand?post=15051"},{"taxonomy":"product_cat","embeddable":true,"href":"https:\/\/stampcurio.com\/hu\/wp-json\/wp\/v2\/product_cat?post=15051"},{"taxonomy":"product_tag","embeddable":true,"href":"https:\/\/stampcurio.com\/hu\/wp-json\/wp\/v2\/product_tag?post=15051"}],"curies":[{"name":"wp","href":"https:\/\/api.w.org\/{rel}","templated":true}]}}