{"id":15050,"date":"2024-11-29T18:28:50","date_gmt":"2024-11-29T17:28:50","guid":{"rendered":"https:\/\/stampcurio.com\/product\/1858-ausztria-15kr-pecsetelt-extrem-festekezes\/"},"modified":"2025-12-05T04:08:46","modified_gmt":"2025-12-05T03:08:46","slug":"1858-ausztria-15-kr-pecsetelt-belyeg-eros-tulfestekezessel","status":"publish","type":"product","link":"https:\/\/stampcurio.com\/hu\/termek\/1858-ausztria-15-kr-pecsetelt-belyeg-eros-tulfestekezessel\/","title":{"rendered":"1858 Ausztria &#8211; 15 kr pecs\u00e9telt b\u00e9lyeg er\u0151s t\u00falfest\u00e9kez\u00e9ssel"},"content":{"rendered":"","protected":false},"excerpt":{"rendered":"","protected":false},"featured_media":23616,"template":"","meta":[],"product_brand":[],"product_cat":[1178],"product_tag":[1664,116,217],"class_list":{"0":"post-15050","1":"product","2":"type-product","3":"status-publish","4":"has-post-thumbnail","6":"product_cat-ausztria","7":"product_tag-2nd-auction-hu","8":"product_tag-belyeg","9":"product_tag-tevnyomat","11":"first","12":"instock","13":"sold-individually","14":"shipping-taxable","15":"product-type-simple"},"_links":{"self":[{"href":"https:\/\/stampcurio.com\/hu\/wp-json\/wp\/v2\/product\/15050","targetHints":{"allow":["GET"]}}],"collection":[{"href":"https:\/\/stampcurio.com\/hu\/wp-json\/wp\/v2\/product"}],"about":[{"href":"https:\/\/stampcurio.com\/hu\/wp-json\/wp\/v2\/types\/product"}],"wp:featuredmedia":[{"embeddable":true,"href":"https:\/\/stampcurio.com\/hu\/wp-json\/wp\/v2\/media\/23616"}],"wp:attachment":[{"href":"https:\/\/stampcurio.com\/hu\/wp-json\/wp\/v2\/media?parent=15050"}],"wp:term":[{"taxonomy":"product_brand","embeddable":true,"href":"https:\/\/stampcurio.com\/hu\/wp-json\/wp\/v2\/product_brand?post=15050"},{"taxonomy":"product_cat","embeddable":true,"href":"https:\/\/stampcurio.com\/hu\/wp-json\/wp\/v2\/product_cat?post=15050"},{"taxonomy":"product_tag","embeddable":true,"href":"https:\/\/stampcurio.com\/hu\/wp-json\/wp\/v2\/product_tag?post=15050"}],"curies":[{"name":"wp","href":"https:\/\/api.w.org\/{rel}","templated":true}]}}