{"id":15049,"date":"2024-11-29T18:28:49","date_gmt":"2024-11-29T17:28:49","guid":{"rendered":"https:\/\/stampcurio.com\/product\/1850-lombard-velence-ausztria-10-centes-postatiszta-harmascsik-ujnyomat-harmascsik\/"},"modified":"2025-12-05T04:08:48","modified_gmt":"2025-12-05T03:08:48","slug":"1850-ausztria-lombard-velence-10-centes-postatiszta-ujnyomat-harmascsik","status":"publish","type":"product","link":"https:\/\/stampcurio.com\/hu\/termek\/1850-ausztria-lombard-velence-10-centes-postatiszta-ujnyomat-harmascsik\/","title":{"rendered":"1850 Ausztria Lombard-Velence &#8211; 10 centes postatiszta ** \u00fajnyomat h\u00e1rmascs\u00edk"},"content":{"rendered":"","protected":false},"excerpt":{"rendered":"","protected":false},"featured_media":23620,"template":"","meta":[],"product_brand":[],"product_cat":[1178,1183],"product_tag":[1664,116],"class_list":{"0":"post-15049","1":"product","2":"type-product","3":"status-publish","4":"has-post-thumbnail","6":"product_cat-ausztria","7":"product_cat-olaszorszag","8":"product_tag-2nd-auction-hu","9":"product_tag-belyeg","11":"first","12":"instock","13":"sold-individually","14":"shipping-taxable","15":"product-type-simple"},"_links":{"self":[{"href":"https:\/\/stampcurio.com\/hu\/wp-json\/wp\/v2\/product\/15049","targetHints":{"allow":["GET"]}}],"collection":[{"href":"https:\/\/stampcurio.com\/hu\/wp-json\/wp\/v2\/product"}],"about":[{"href":"https:\/\/stampcurio.com\/hu\/wp-json\/wp\/v2\/types\/product"}],"wp:featuredmedia":[{"embeddable":true,"href":"https:\/\/stampcurio.com\/hu\/wp-json\/wp\/v2\/media\/23620"}],"wp:attachment":[{"href":"https:\/\/stampcurio.com\/hu\/wp-json\/wp\/v2\/media?parent=15049"}],"wp:term":[{"taxonomy":"product_brand","embeddable":true,"href":"https:\/\/stampcurio.com\/hu\/wp-json\/wp\/v2\/product_brand?post=15049"},{"taxonomy":"product_cat","embeddable":true,"href":"https:\/\/stampcurio.com\/hu\/wp-json\/wp\/v2\/product_cat?post=15049"},{"taxonomy":"product_tag","embeddable":true,"href":"https:\/\/stampcurio.com\/hu\/wp-json\/wp\/v2\/product_tag?post=15049"}],"curies":[{"name":"wp","href":"https:\/\/api.w.org\/{rel}","templated":true}]}}