{"id":15048,"date":"2024-11-29T18:28:49","date_gmt":"2024-11-29T17:28:49","guid":{"rendered":"https:\/\/stampcurio.com\/product\/dgt-poggyaszjegy-ddsg-poggyaszveveny-1900-korul-hajobelyegzo\/"},"modified":"2025-12-05T04:08:47","modified_gmt":"2025-12-05T03:08:47","slug":"1900-ddsg-dgt-poggyaszjegy-kek-hajobelyegzovel","status":"publish","type":"product","link":"https:\/\/stampcurio.com\/hu\/termek\/1900-ddsg-dgt-poggyaszjegy-kek-hajobelyegzovel\/","title":{"rendered":"1900 DDSG \/ DGT poggy\u00e1szjegy k\u00e9k haj\u00f3b\u00e9lyegz\u0151vel"},"content":{"rendered":"","protected":false},"excerpt":{"rendered":"","protected":false},"featured_media":16896,"template":"","meta":[],"product_brand":[],"product_cat":[1178,1172],"product_tag":[1664,323,1325,1385,1316],"class_list":{"0":"post-15048","1":"product","2":"type-product","3":"status-publish","4":"has-post-thumbnail","6":"product_cat-ausztria","7":"product_cat-magyarorszag","8":"product_tag-2nd-auction-hu","9":"product_tag-ddsg","10":"product_tag-hajo","11":"product_tag-hajobelyegzo","12":"product_tag-hajoposta","14":"first","15":"instock","16":"sold-individually","17":"shipping-taxable","18":"product-type-simple"},"_links":{"self":[{"href":"https:\/\/stampcurio.com\/hu\/wp-json\/wp\/v2\/product\/15048","targetHints":{"allow":["GET"]}}],"collection":[{"href":"https:\/\/stampcurio.com\/hu\/wp-json\/wp\/v2\/product"}],"about":[{"href":"https:\/\/stampcurio.com\/hu\/wp-json\/wp\/v2\/types\/product"}],"wp:featuredmedia":[{"embeddable":true,"href":"https:\/\/stampcurio.com\/hu\/wp-json\/wp\/v2\/media\/16896"}],"wp:attachment":[{"href":"https:\/\/stampcurio.com\/hu\/wp-json\/wp\/v2\/media?parent=15048"}],"wp:term":[{"taxonomy":"product_brand","embeddable":true,"href":"https:\/\/stampcurio.com\/hu\/wp-json\/wp\/v2\/product_brand?post=15048"},{"taxonomy":"product_cat","embeddable":true,"href":"https:\/\/stampcurio.com\/hu\/wp-json\/wp\/v2\/product_cat?post=15048"},{"taxonomy":"product_tag","embeddable":true,"href":"https:\/\/stampcurio.com\/hu\/wp-json\/wp\/v2\/product_tag?post=15048"}],"curies":[{"name":"wp","href":"https:\/\/api.w.org\/{rel}","templated":true}]}}