{"id":15047,"date":"2024-11-29T18:28:49","date_gmt":"2024-11-29T17:28:49","guid":{"rendered":"https:\/\/stampcurio.com\/product\/1985-zimbabwe-legiposta-magyarorszagra-meterstamp-bermentesitessel-ritka-relacio\/"},"modified":"2025-12-05T04:08:47","modified_gmt":"2025-12-05T03:08:47","slug":"1985-zimbabwe-legiposta-boritek-magyarorszagra-kuldve-gepi-bermentesitessel-ritka-relacio","status":"publish","type":"product","link":"https:\/\/stampcurio.com\/hu\/termek\/1985-zimbabwe-legiposta-boritek-magyarorszagra-kuldve-gepi-bermentesitessel-ritka-relacio\/","title":{"rendered":"1985 Zimbabwe &#8211; l\u00e9giposta bor\u00edt\u00e9k Magyarorsz\u00e1gra k\u00fcldve g\u00e9pi b\u00e9rmentes\u00edt\u00e9ssel &#8211; ritka rel\u00e1ci\u00f3"},"content":{"rendered":"","protected":false},"excerpt":{"rendered":"","protected":false},"featured_media":16337,"template":"","meta":[],"product_brand":[],"product_cat":[1172,1228],"product_tag":[1664,1383,115,89],"class_list":{"0":"post-15047","1":"product","2":"type-product","3":"status-publish","4":"has-post-thumbnail","6":"product_cat-magyarorszag","7":"product_cat-zimbabwe","8":"product_tag-2nd-auction-hu","9":"product_tag-gepi-bermentesites","10":"product_tag-legiposta","11":"product_tag-postatortenet","13":"first","14":"instock","15":"sold-individually","16":"shipping-taxable","17":"product-type-simple"},"_links":{"self":[{"href":"https:\/\/stampcurio.com\/hu\/wp-json\/wp\/v2\/product\/15047","targetHints":{"allow":["GET"]}}],"collection":[{"href":"https:\/\/stampcurio.com\/hu\/wp-json\/wp\/v2\/product"}],"about":[{"href":"https:\/\/stampcurio.com\/hu\/wp-json\/wp\/v2\/types\/product"}],"wp:featuredmedia":[{"embeddable":true,"href":"https:\/\/stampcurio.com\/hu\/wp-json\/wp\/v2\/media\/16337"}],"wp:attachment":[{"href":"https:\/\/stampcurio.com\/hu\/wp-json\/wp\/v2\/media?parent=15047"}],"wp:term":[{"taxonomy":"product_brand","embeddable":true,"href":"https:\/\/stampcurio.com\/hu\/wp-json\/wp\/v2\/product_brand?post=15047"},{"taxonomy":"product_cat","embeddable":true,"href":"https:\/\/stampcurio.com\/hu\/wp-json\/wp\/v2\/product_cat?post=15047"},{"taxonomy":"product_tag","embeddable":true,"href":"https:\/\/stampcurio.com\/hu\/wp-json\/wp\/v2\/product_tag?post=15047"}],"curies":[{"name":"wp","href":"https:\/\/api.w.org\/{rel}","templated":true}]}}