{"id":15046,"date":"2024-11-29T18:28:48","date_gmt":"2024-11-29T17:28:48","guid":{"rendered":"https:\/\/stampcurio.com\/product\/1892-35-pennys-wrapper-uk-magyarorszagra-kuldve-2-krajcar-hirlapilletekkel-okmany-tagbe-maradvannyal-fiume\/"},"modified":"2025-12-05T04:08:49","modified_gmt":"2025-12-05T03:08:49","slug":"1892-anglia-cimszalag-magyarorszagra-kuldve-2-krajcar-hirlapilletek-maradvanyaval-fiume-lebelyegzessel","status":"publish","type":"product","link":"https:\/\/stampcurio.com\/hu\/termek\/1892-anglia-cimszalag-magyarorszagra-kuldve-2-krajcar-hirlapilletek-maradvanyaval-fiume-lebelyegzessel\/","title":{"rendered":"1892 Anglia &#8211; C\u00edmszalag Magyarorsz\u00e1gra k\u00fcldve 2 krajc\u00e1r h\u00edrlapillet\u00e9k maradv\u00e1ny\u00e1val FIUME leb\u00e9lyegz\u00e9ssel"},"content":{"rendered":"","protected":false},"excerpt":{"rendered":"","protected":false},"featured_media":16331,"template":"","meta":[],"product_brand":[],"product_cat":[1186,1275,1172],"product_tag":[1664,74,1296,1297],"class_list":{"0":"post-15046","1":"product","2":"type-product","3":"status-publish","4":"has-post-thumbnail","6":"product_cat-brit-birodalom","7":"product_cat-fiume","8":"product_cat-magyarorszag","9":"product_tag-2nd-auction-hu","10":"product_tag-dijjegyes","11":"product_tag-hirlapbelyeg","12":"product_tag-ujsag","14":"first","15":"instock","16":"sold-individually","17":"shipping-taxable","18":"product-type-simple"},"_links":{"self":[{"href":"https:\/\/stampcurio.com\/hu\/wp-json\/wp\/v2\/product\/15046","targetHints":{"allow":["GET"]}}],"collection":[{"href":"https:\/\/stampcurio.com\/hu\/wp-json\/wp\/v2\/product"}],"about":[{"href":"https:\/\/stampcurio.com\/hu\/wp-json\/wp\/v2\/types\/product"}],"wp:featuredmedia":[{"embeddable":true,"href":"https:\/\/stampcurio.com\/hu\/wp-json\/wp\/v2\/media\/16331"}],"wp:attachment":[{"href":"https:\/\/stampcurio.com\/hu\/wp-json\/wp\/v2\/media?parent=15046"}],"wp:term":[{"taxonomy":"product_brand","embeddable":true,"href":"https:\/\/stampcurio.com\/hu\/wp-json\/wp\/v2\/product_brand?post=15046"},{"taxonomy":"product_cat","embeddable":true,"href":"https:\/\/stampcurio.com\/hu\/wp-json\/wp\/v2\/product_cat?post=15046"},{"taxonomy":"product_tag","embeddable":true,"href":"https:\/\/stampcurio.com\/hu\/wp-json\/wp\/v2\/product_tag?post=15046"}],"curies":[{"name":"wp","href":"https:\/\/api.w.org\/{rel}","templated":true}]}}