{"id":15045,"date":"2024-11-29T18:28:48","date_gmt":"2024-11-29T17:28:48","guid":{"rendered":"https:\/\/stampcurio.com\/product\/1956-december-2-amerikabol-magyarorszagra-kuldott-level-a-forradalmi-esemenyek-miatt-visszakuldve\/"},"modified":"2025-12-05T04:08:48","modified_gmt":"2025-12-05T03:08:48","slug":"1956-usa-decemberben-magyarorszagra-kuldott-ket-level-a-forradalmi-esemenyek-miatt-visszakuldve","status":"publish","type":"product","link":"https:\/\/stampcurio.com\/hu\/termek\/1956-usa-decemberben-magyarorszagra-kuldott-ket-level-a-forradalmi-esemenyek-miatt-visszakuldve\/","title":{"rendered":"1956 USA &#8211; Decemberben Magyarorsz\u00e1gra k\u00fcld\u00f6tt k\u00e9t lev\u00e9l, a forradalmi esem\u00e9nyek miatt visszak\u00fcldve"},"content":{"rendered":"","protected":false},"excerpt":{"rendered":"","protected":false},"featured_media":16482,"template":"","meta":[],"product_brand":[],"product_cat":[1204,1172],"product_tag":[1664,89],"class_list":{"0":"post-15045","1":"product","2":"type-product","3":"status-publish","4":"has-post-thumbnail","6":"product_cat-amerikai-egyesult-allamok","7":"product_cat-magyarorszag","8":"product_tag-2nd-auction-hu","9":"product_tag-postatortenet","11":"first","12":"instock","13":"sold-individually","14":"shipping-taxable","15":"product-type-simple"},"_links":{"self":[{"href":"https:\/\/stampcurio.com\/hu\/wp-json\/wp\/v2\/product\/15045","targetHints":{"allow":["GET"]}}],"collection":[{"href":"https:\/\/stampcurio.com\/hu\/wp-json\/wp\/v2\/product"}],"about":[{"href":"https:\/\/stampcurio.com\/hu\/wp-json\/wp\/v2\/types\/product"}],"wp:featuredmedia":[{"embeddable":true,"href":"https:\/\/stampcurio.com\/hu\/wp-json\/wp\/v2\/media\/16482"}],"wp:attachment":[{"href":"https:\/\/stampcurio.com\/hu\/wp-json\/wp\/v2\/media?parent=15045"}],"wp:term":[{"taxonomy":"product_brand","embeddable":true,"href":"https:\/\/stampcurio.com\/hu\/wp-json\/wp\/v2\/product_brand?post=15045"},{"taxonomy":"product_cat","embeddable":true,"href":"https:\/\/stampcurio.com\/hu\/wp-json\/wp\/v2\/product_cat?post=15045"},{"taxonomy":"product_tag","embeddable":true,"href":"https:\/\/stampcurio.com\/hu\/wp-json\/wp\/v2\/product_tag?post=15045"}],"curies":[{"name":"wp","href":"https:\/\/api.w.org\/{rel}","templated":true}]}}