{"id":15044,"date":"2024-11-29T18:28:48","date_gmt":"2024-11-29T17:28:48","guid":{"rendered":"https:\/\/stampcurio.com\/product\/1947-inarts-c0-szuksegbelyegzovel-120-evvel-kesobb-eloszedett-belyegzovel\/"},"modified":"2025-12-05T04:08:48","modified_gmt":"2025-12-05T03:08:48","slug":"1947-magyarorszag-inarcsrol-provizorikus-szuksegbelyegzovel-belyegzett-level-budapestre-kuldve","status":"publish","type":"product","link":"https:\/\/stampcurio.com\/hu\/termek\/1947-magyarorszag-inarcsrol-provizorikus-szuksegbelyegzovel-belyegzett-level-budapestre-kuldve\/","title":{"rendered":"1947 Magyarorsz\u00e1g &#8211; In\u00e1rcsr\u00f3l proviz\u00f3rikus sz\u00fcks\u00e9gb\u00e9lyegz\u0151vel b\u00e9lyegzett lev\u00e9l Budapestre k\u00fcldve"},"content":{"rendered":"","protected":false},"excerpt":{"rendered":"","protected":false},"featured_media":16281,"template":"","meta":[],"product_brand":[],"product_cat":[1172],"product_tag":[1664,1041,89,256],"class_list":{"0":"post-15044","1":"product","2":"type-product","3":"status-publish","4":"has-post-thumbnail","6":"product_cat-magyarorszag","7":"product_tag-2nd-auction-hu","8":"product_tag-marcophily-hu","9":"product_tag-postatortenet","10":"product_tag-provizorium","12":"first","13":"instock","14":"sold-individually","15":"shipping-taxable","16":"product-type-simple"},"_links":{"self":[{"href":"https:\/\/stampcurio.com\/hu\/wp-json\/wp\/v2\/product\/15044","targetHints":{"allow":["GET"]}}],"collection":[{"href":"https:\/\/stampcurio.com\/hu\/wp-json\/wp\/v2\/product"}],"about":[{"href":"https:\/\/stampcurio.com\/hu\/wp-json\/wp\/v2\/types\/product"}],"wp:featuredmedia":[{"embeddable":true,"href":"https:\/\/stampcurio.com\/hu\/wp-json\/wp\/v2\/media\/16281"}],"wp:attachment":[{"href":"https:\/\/stampcurio.com\/hu\/wp-json\/wp\/v2\/media?parent=15044"}],"wp:term":[{"taxonomy":"product_brand","embeddable":true,"href":"https:\/\/stampcurio.com\/hu\/wp-json\/wp\/v2\/product_brand?post=15044"},{"taxonomy":"product_cat","embeddable":true,"href":"https:\/\/stampcurio.com\/hu\/wp-json\/wp\/v2\/product_cat?post=15044"},{"taxonomy":"product_tag","embeddable":true,"href":"https:\/\/stampcurio.com\/hu\/wp-json\/wp\/v2\/product_tag?post=15044"}],"curies":[{"name":"wp","href":"https:\/\/api.w.org\/{rel}","templated":true}]}}