{"id":15043,"date":"2024-11-29T18:28:48","date_gmt":"2024-11-29T17:28:48","guid":{"rendered":"https:\/\/stampcurio.com\/product\/xxx-dunaszerdahelyrol-budapestre-az-orszaghazba-kuldott-level-grof-palfy-daum-vilmos-orszaggyulesi-kepviselonek\/"},"modified":"2025-12-05T04:08:48","modified_gmt":"2025-12-05T03:08:48","slug":"1892-magyarorszag-dunaszerdahelyrol-budapestre-az-orszaghazba-kuldott-level-grof-palffy-daun-vilmos-orszaggyulesi-kepviselonek-bontatlan-level-tartalma-132-eve-ismeretlen","status":"publish","type":"product","link":"https:\/\/stampcurio.com\/hu\/termek\/1892-magyarorszag-dunaszerdahelyrol-budapestre-az-orszaghazba-kuldott-level-grof-palffy-daun-vilmos-orszaggyulesi-kepviselonek-bontatlan-level-tartalma-132-eve-ismeretlen\/","title":{"rendered":"1892 Magyarorsz\u00e1g &#8211; Dunaszerdahelyr\u0151l Budapestre, az Orsz\u00e1gh\u00e1zba k\u00fcld\u00f6tt lev\u00e9l gr\u00f3f P\u00e1lffy Daun Vilmos orsz\u00e1ggy\u0171l\u00e9si k\u00e9pvisel\u0151nek &#8211; bontatlan lev\u00e9l, tartalma 132 \u00e9ve ismeretlen!"},"content":{"rendered":"","protected":false},"excerpt":{"rendered":"","protected":false},"featured_media":16199,"template":"","meta":[],"product_brand":[],"product_cat":[1172,1189],"product_tag":[1664,1041,467,89],"class_list":{"0":"post-15043","1":"product","2":"type-product","3":"status-publish","4":"has-post-thumbnail","6":"product_cat-magyarorszag","7":"product_cat-szlovakia","8":"product_tag-2nd-auction-hu","9":"product_tag-marcophily-hu","10":"product_tag-orszaghaz","11":"product_tag-postatortenet","13":"first","14":"instock","15":"sold-individually","16":"shipping-taxable","17":"product-type-simple"},"_links":{"self":[{"href":"https:\/\/stampcurio.com\/hu\/wp-json\/wp\/v2\/product\/15043","targetHints":{"allow":["GET"]}}],"collection":[{"href":"https:\/\/stampcurio.com\/hu\/wp-json\/wp\/v2\/product"}],"about":[{"href":"https:\/\/stampcurio.com\/hu\/wp-json\/wp\/v2\/types\/product"}],"wp:featuredmedia":[{"embeddable":true,"href":"https:\/\/stampcurio.com\/hu\/wp-json\/wp\/v2\/media\/16199"}],"wp:attachment":[{"href":"https:\/\/stampcurio.com\/hu\/wp-json\/wp\/v2\/media?parent=15043"}],"wp:term":[{"taxonomy":"product_brand","embeddable":true,"href":"https:\/\/stampcurio.com\/hu\/wp-json\/wp\/v2\/product_brand?post=15043"},{"taxonomy":"product_cat","embeddable":true,"href":"https:\/\/stampcurio.com\/hu\/wp-json\/wp\/v2\/product_cat?post=15043"},{"taxonomy":"product_tag","embeddable":true,"href":"https:\/\/stampcurio.com\/hu\/wp-json\/wp\/v2\/product_tag?post=15043"}],"curies":[{"name":"wp","href":"https:\/\/api.w.org\/{rel}","templated":true}]}}