{"id":15042,"date":"2024-11-29T18:28:47","date_gmt":"2024-11-29T17:28:47","guid":{"rendered":"https:\/\/stampcurio.com\/product\/1900-peterdi-hajoposta-level-olaszorszagban-feladva-a-szapari-gozos-lebelyegzesevel-hatoldalon\/"},"modified":"2025-12-05T04:08:49","modified_gmt":"2025-12-05T03:08:49","slug":"1900-magyarorszag-peterdi-hajoposta-boritek-fedelzeti-feladassal-olaszorszagbol-postazva-a-hatoldalon-a-szapari-gozos-lebelyegzesevel","status":"publish","type":"product","link":"https:\/\/stampcurio.com\/hu\/termek\/1900-magyarorszag-peterdi-hajoposta-boritek-fedelzeti-feladassal-olaszorszagbol-postazva-a-hatoldalon-a-szapari-gozos-lebelyegzesevel\/","title":{"rendered":"1900 Magyarorsz\u00e1g &#8211; Peterdi haj\u00f3posta bor\u00edt\u00e9k fed\u00e9lzeti felad\u00e1ssal Olaszorsz\u00e1gb\u00f3l post\u00e1zva, a h\u00e1toldalon a Szap\u00e1ri G\u0151z\u00f6s leb\u00e9lyegz\u00e9s\u00e9vel"},"content":{"rendered":"","protected":false},"excerpt":{"rendered":"","protected":false},"featured_media":16387,"template":"","meta":[],"product_brand":[],"product_cat":[1172,1183],"product_tag":[1664,1634,1325,1041,1321,89,1006],"class_list":{"0":"post-15042","1":"product","2":"type-product","3":"status-publish","4":"has-post-thumbnail","6":"product_cat-magyarorszag","7":"product_cat-olaszorszag","8":"product_tag-2nd-auction-hu","9":"product_tag-adria","10":"product_tag-hajo","11":"product_tag-marcophily-hu","12":"product_tag-peterdi","13":"product_tag-postatortenet","14":"product_tag-unsold","16":"first","17":"instock","18":"sold-individually","19":"shipping-taxable","20":"product-type-simple"},"_links":{"self":[{"href":"https:\/\/stampcurio.com\/hu\/wp-json\/wp\/v2\/product\/15042","targetHints":{"allow":["GET"]}}],"collection":[{"href":"https:\/\/stampcurio.com\/hu\/wp-json\/wp\/v2\/product"}],"about":[{"href":"https:\/\/stampcurio.com\/hu\/wp-json\/wp\/v2\/types\/product"}],"wp:featuredmedia":[{"embeddable":true,"href":"https:\/\/stampcurio.com\/hu\/wp-json\/wp\/v2\/media\/16387"}],"wp:attachment":[{"href":"https:\/\/stampcurio.com\/hu\/wp-json\/wp\/v2\/media?parent=15042"}],"wp:term":[{"taxonomy":"product_brand","embeddable":true,"href":"https:\/\/stampcurio.com\/hu\/wp-json\/wp\/v2\/product_brand?post=15042"},{"taxonomy":"product_cat","embeddable":true,"href":"https:\/\/stampcurio.com\/hu\/wp-json\/wp\/v2\/product_cat?post=15042"},{"taxonomy":"product_tag","embeddable":true,"href":"https:\/\/stampcurio.com\/hu\/wp-json\/wp\/v2\/product_tag?post=15042"}],"curies":[{"name":"wp","href":"https:\/\/api.w.org\/{rel}","templated":true}]}}