{"id":15040,"date":"2024-11-29T18:28:47","date_gmt":"2024-11-29T17:28:47","guid":{"rendered":"https:\/\/stampcurio.com\/product\/1917-ddsg-hajo-kepeslapon-barcs\/"},"modified":"2025-12-05T04:08:49","modified_gmt":"2025-12-05T03:08:49","slug":"1917-ddsg-vizvarrol-kuldott-barcsi-kepeslap-ddsg-hajokkal","status":"publish","type":"product","link":"https:\/\/stampcurio.com\/hu\/termek\/1917-ddsg-vizvarrol-kuldott-barcsi-kepeslap-ddsg-hajokkal\/","title":{"rendered":"1917 DDSG &#8211; V\u00edzv\u00e1rr\u00f3l k\u00fcld\u00f6tt barcsi k\u00e9peslap DDSG haj\u00f3kkal"},"content":{"rendered":"","protected":false},"excerpt":{"rendered":"","protected":false},"featured_media":16147,"template":"","meta":[],"product_brand":[],"product_cat":[1172],"product_tag":[1664,323,1325,97,89],"class_list":{"0":"post-15040","1":"product","2":"type-product","3":"status-publish","4":"has-post-thumbnail","6":"product_cat-magyarorszag","7":"product_tag-2nd-auction-hu","8":"product_tag-ddsg","9":"product_tag-hajo","10":"product_tag-kepeslap","11":"product_tag-postatortenet","13":"first","14":"instock","15":"sold-individually","16":"shipping-taxable","17":"product-type-simple"},"_links":{"self":[{"href":"https:\/\/stampcurio.com\/hu\/wp-json\/wp\/v2\/product\/15040","targetHints":{"allow":["GET"]}}],"collection":[{"href":"https:\/\/stampcurio.com\/hu\/wp-json\/wp\/v2\/product"}],"about":[{"href":"https:\/\/stampcurio.com\/hu\/wp-json\/wp\/v2\/types\/product"}],"wp:featuredmedia":[{"embeddable":true,"href":"https:\/\/stampcurio.com\/hu\/wp-json\/wp\/v2\/media\/16147"}],"wp:attachment":[{"href":"https:\/\/stampcurio.com\/hu\/wp-json\/wp\/v2\/media?parent=15040"}],"wp:term":[{"taxonomy":"product_brand","embeddable":true,"href":"https:\/\/stampcurio.com\/hu\/wp-json\/wp\/v2\/product_brand?post=15040"},{"taxonomy":"product_cat","embeddable":true,"href":"https:\/\/stampcurio.com\/hu\/wp-json\/wp\/v2\/product_cat?post=15040"},{"taxonomy":"product_tag","embeddable":true,"href":"https:\/\/stampcurio.com\/hu\/wp-json\/wp\/v2\/product_tag?post=15040"}],"curies":[{"name":"wp","href":"https:\/\/api.w.org\/{rel}","templated":true}]}}