{"id":15039,"date":"2024-11-29T18:28:44","date_gmt":"2024-11-29T17:28:44","guid":{"rendered":"https:\/\/stampcurio.com\/product\/tyuko-500-pu-kepeslapon-1918-ritka\/"},"modified":"2025-12-05T04:08:50","modified_gmt":"2025-12-05T03:08:50","slug":"1918-magyarorszag-tyuko-postaugynokseg-lebelyegzes-kepeslapon-pu-500-pont-ritka","status":"publish","type":"product","link":"https:\/\/stampcurio.com\/hu\/termek\/1918-magyarorszag-tyuko-postaugynokseg-lebelyegzes-kepeslapon-pu-500-pont-ritka\/","title":{"rendered":"1918 Magyarorsz\u00e1g &#8211; TYUK\u00d3 posta\u00fcgyn\u00f6ks\u00e9g leb\u00e9lyegz\u00e9s k\u00e9peslapon | P\u00dc: 500 pont &#8211; ritka!"},"content":{"rendered":"","protected":false},"excerpt":{"rendered":"","protected":false},"featured_media":16478,"template":"","meta":[],"product_brand":[],"product_cat":[1172,1208],"product_tag":[1664,97,1041,89],"class_list":{"0":"post-15039","1":"product","2":"type-product","3":"status-publish","4":"has-post-thumbnail","6":"product_cat-magyarorszag","7":"product_cat-romania","8":"product_tag-2nd-auction-hu","9":"product_tag-kepeslap","10":"product_tag-marcophily-hu","11":"product_tag-postatortenet","13":"first","14":"instock","15":"sold-individually","16":"shipping-taxable","17":"product-type-simple"},"_links":{"self":[{"href":"https:\/\/stampcurio.com\/hu\/wp-json\/wp\/v2\/product\/15039","targetHints":{"allow":["GET"]}}],"collection":[{"href":"https:\/\/stampcurio.com\/hu\/wp-json\/wp\/v2\/product"}],"about":[{"href":"https:\/\/stampcurio.com\/hu\/wp-json\/wp\/v2\/types\/product"}],"wp:featuredmedia":[{"embeddable":true,"href":"https:\/\/stampcurio.com\/hu\/wp-json\/wp\/v2\/media\/16478"}],"wp:attachment":[{"href":"https:\/\/stampcurio.com\/hu\/wp-json\/wp\/v2\/media?parent=15039"}],"wp:term":[{"taxonomy":"product_brand","embeddable":true,"href":"https:\/\/stampcurio.com\/hu\/wp-json\/wp\/v2\/product_brand?post=15039"},{"taxonomy":"product_cat","embeddable":true,"href":"https:\/\/stampcurio.com\/hu\/wp-json\/wp\/v2\/product_cat?post=15039"},{"taxonomy":"product_tag","embeddable":true,"href":"https:\/\/stampcurio.com\/hu\/wp-json\/wp\/v2\/product_tag?post=15039"}],"curies":[{"name":"wp","href":"https:\/\/api.w.org\/{rel}","templated":true}]}}