{"id":15038,"date":"2024-11-29T18:28:44","date_gmt":"2024-11-29T17:28:44","guid":{"rendered":"https:\/\/stampcurio.com\/product\/1896-torokorszag-budapestre-kuldott-kulfoldi-tavirat-ritka-destinacio-ritkan-lathato\/"},"modified":"2025-12-05T04:08:50","modified_gmt":"2025-12-05T03:08:50","slug":"1896-torokorszag-budapestre-kuldott-kulfoldi-tavirat-ritkan-lathato-destinacio","status":"publish","type":"product","link":"https:\/\/stampcurio.com\/hu\/termek\/1896-torokorszag-budapestre-kuldott-kulfoldi-tavirat-ritkan-lathato-destinacio\/","title":{"rendered":"1896 T\u00f6r\u00f6korsz\u00e1g &#8211; Budapestre k\u00fcld\u00f6tt k\u00fclf\u00f6ldi t\u00e1virat, ritk\u00e1n l\u00e1that\u00f3 destin\u00e1ci\u00f3"},"content":{"rendered":"","protected":false},"excerpt":{"rendered":"","protected":false},"featured_media":16239,"template":"","meta":[],"product_brand":[],"product_cat":[1172,1188],"product_tag":[1664,89,209],"class_list":{"0":"post-15038","1":"product","2":"type-product","3":"status-publish","4":"has-post-thumbnail","6":"product_cat-magyarorszag","7":"product_cat-torokorszag","8":"product_tag-2nd-auction-hu","9":"product_tag-postatortenet","10":"product_tag-tavirat","12":"first","13":"instock","14":"sold-individually","15":"shipping-taxable","16":"product-type-simple"},"_links":{"self":[{"href":"https:\/\/stampcurio.com\/hu\/wp-json\/wp\/v2\/product\/15038","targetHints":{"allow":["GET"]}}],"collection":[{"href":"https:\/\/stampcurio.com\/hu\/wp-json\/wp\/v2\/product"}],"about":[{"href":"https:\/\/stampcurio.com\/hu\/wp-json\/wp\/v2\/types\/product"}],"wp:featuredmedia":[{"embeddable":true,"href":"https:\/\/stampcurio.com\/hu\/wp-json\/wp\/v2\/media\/16239"}],"wp:attachment":[{"href":"https:\/\/stampcurio.com\/hu\/wp-json\/wp\/v2\/media?parent=15038"}],"wp:term":[{"taxonomy":"product_brand","embeddable":true,"href":"https:\/\/stampcurio.com\/hu\/wp-json\/wp\/v2\/product_brand?post=15038"},{"taxonomy":"product_cat","embeddable":true,"href":"https:\/\/stampcurio.com\/hu\/wp-json\/wp\/v2\/product_cat?post=15038"},{"taxonomy":"product_tag","embeddable":true,"href":"https:\/\/stampcurio.com\/hu\/wp-json\/wp\/v2\/product_tag?post=15038"}],"curies":[{"name":"wp","href":"https:\/\/api.w.org\/{rel}","templated":true}]}}