{"id":15037,"date":"2024-11-29T18:28:44","date_gmt":"2024-11-29T17:28:44","guid":{"rendered":"https:\/\/stampcurio.com\/product\/tuva-teljes-gepszinatnyomat-zsukov-marsall-blokk\/"},"modified":"2025-12-05T04:08:50","modified_gmt":"2025-12-05T03:08:50","slug":"1995-tuva-zsukov-marsall-blokk-teljes-gepszinatnyomattal","status":"publish","type":"product","link":"https:\/\/stampcurio.com\/hu\/termek\/1995-tuva-zsukov-marsall-blokk-teljes-gepszinatnyomattal\/","title":{"rendered":"1995 Tuva &#8211; Zsukov marsall blokk teljes g\u00e9psz\u00edn\u00e1tnyomattal"},"content":{"rendered":"","protected":false},"excerpt":{"rendered":"","protected":false},"featured_media":16275,"template":"","meta":[],"product_brand":[],"product_cat":[1177],"product_tag":[1664,116,217,1006],"class_list":{"0":"post-15037","1":"product","2":"type-product","3":"status-publish","4":"has-post-thumbnail","6":"product_cat-oroszorszag","7":"product_tag-2nd-auction-hu","8":"product_tag-belyeg","9":"product_tag-tevnyomat","10":"product_tag-unsold","12":"first","13":"instock","14":"sold-individually","15":"shipping-taxable","16":"product-type-simple"},"_links":{"self":[{"href":"https:\/\/stampcurio.com\/hu\/wp-json\/wp\/v2\/product\/15037","targetHints":{"allow":["GET"]}}],"collection":[{"href":"https:\/\/stampcurio.com\/hu\/wp-json\/wp\/v2\/product"}],"about":[{"href":"https:\/\/stampcurio.com\/hu\/wp-json\/wp\/v2\/types\/product"}],"wp:featuredmedia":[{"embeddable":true,"href":"https:\/\/stampcurio.com\/hu\/wp-json\/wp\/v2\/media\/16275"}],"wp:attachment":[{"href":"https:\/\/stampcurio.com\/hu\/wp-json\/wp\/v2\/media?parent=15037"}],"wp:term":[{"taxonomy":"product_brand","embeddable":true,"href":"https:\/\/stampcurio.com\/hu\/wp-json\/wp\/v2\/product_brand?post=15037"},{"taxonomy":"product_cat","embeddable":true,"href":"https:\/\/stampcurio.com\/hu\/wp-json\/wp\/v2\/product_cat?post=15037"},{"taxonomy":"product_tag","embeddable":true,"href":"https:\/\/stampcurio.com\/hu\/wp-json\/wp\/v2\/product_tag?post=15037"}],"curies":[{"name":"wp","href":"https:\/\/api.w.org\/{rel}","templated":true}]}}