{"id":15036,"date":"2024-11-29T18:28:43","date_gmt":"2024-11-29T17:28:43","guid":{"rendered":"https:\/\/stampcurio.com\/product\/milano-1863-olasz-pestre-kuldott-portos-boritek-26-kr-porto-jelzessel\/"},"modified":"2025-12-05T04:08:52","modified_gmt":"2025-12-05T03:08:52","slug":"1863-olaszorszag-milanobol-pestre-kuldott-boritek-26-kr-portoval","status":"publish","type":"product","link":"https:\/\/stampcurio.com\/hu\/termek\/1863-olaszorszag-milanobol-pestre-kuldott-boritek-26-kr-portoval\/","title":{"rendered":"1863 Olaszorsz\u00e1g &#8211; Mil\u00e1n\u00f3b\u00f3l Pestre k\u00fcld\u00f6tt bor\u00edt\u00e9k 26 kr port\u00f3val"},"content":{"rendered":"","protected":false},"excerpt":{"rendered":"","protected":false},"featured_media":16141,"template":"","meta":[],"product_brand":[],"product_cat":[1172,1183],"product_tag":[1664,1041,108,89,1631],"class_list":{"0":"post-15036","1":"product","2":"type-product","3":"status-publish","4":"has-post-thumbnail","6":"product_cat-magyarorszag","7":"product_cat-olaszorszag","8":"product_tag-2nd-auction-hu","9":"product_tag-marcophily-hu","10":"product_tag-porto","11":"product_tag-postatortenet","12":"product_tag-pre-upu","14":"first","15":"instock","16":"sold-individually","17":"shipping-taxable","18":"product-type-simple"},"_links":{"self":[{"href":"https:\/\/stampcurio.com\/hu\/wp-json\/wp\/v2\/product\/15036","targetHints":{"allow":["GET"]}}],"collection":[{"href":"https:\/\/stampcurio.com\/hu\/wp-json\/wp\/v2\/product"}],"about":[{"href":"https:\/\/stampcurio.com\/hu\/wp-json\/wp\/v2\/types\/product"}],"wp:featuredmedia":[{"embeddable":true,"href":"https:\/\/stampcurio.com\/hu\/wp-json\/wp\/v2\/media\/16141"}],"wp:attachment":[{"href":"https:\/\/stampcurio.com\/hu\/wp-json\/wp\/v2\/media?parent=15036"}],"wp:term":[{"taxonomy":"product_brand","embeddable":true,"href":"https:\/\/stampcurio.com\/hu\/wp-json\/wp\/v2\/product_brand?post=15036"},{"taxonomy":"product_cat","embeddable":true,"href":"https:\/\/stampcurio.com\/hu\/wp-json\/wp\/v2\/product_cat?post=15036"},{"taxonomy":"product_tag","embeddable":true,"href":"https:\/\/stampcurio.com\/hu\/wp-json\/wp\/v2\/product_tag?post=15036"}],"curies":[{"name":"wp","href":"https:\/\/api.w.org\/{rel}","templated":true}]}}