{"id":15035,"date":"2024-11-29T18:28:43","date_gmt":"2024-11-29T17:28:43","guid":{"rendered":"https:\/\/stampcurio.com\/product\/1927-legiposta-level-budapest-zurich-piros-szinu-iranyitobelyegzovel\/"},"modified":"2025-12-05T04:08:52","modified_gmt":"2025-12-05T03:08:52","slug":"1927-magyarorszag-legiposta-level-budapest-zurich-ritka-piros-szinu-iranyitobelyegzovel","status":"publish","type":"product","link":"https:\/\/stampcurio.com\/hu\/termek\/1927-magyarorszag-legiposta-level-budapest-zurich-ritka-piros-szinu-iranyitobelyegzovel\/","title":{"rendered":"1927 Magyarorsz\u00e1g &#8211; l\u00e9giposta lev\u00e9l Budapest &#8211; Z\u00fcrich ritka, piros sz\u00edn\u0171 ir\u00e1ny\u00edt\u00f3b\u00e9lyegz\u0151vel"},"content":{"rendered":"","protected":false},"excerpt":{"rendered":"","protected":false},"featured_media":16393,"template":"","meta":[],"product_brand":[],"product_cat":[1172,1191],"product_tag":[1664,115,1041,89,1006],"class_list":{"0":"post-15035","1":"product","2":"type-product","3":"status-publish","4":"has-post-thumbnail","6":"product_cat-magyarorszag","7":"product_cat-svajc","8":"product_tag-2nd-auction-hu","9":"product_tag-legiposta","10":"product_tag-marcophily-hu","11":"product_tag-postatortenet","12":"product_tag-unsold","14":"first","15":"instock","16":"sold-individually","17":"shipping-taxable","18":"product-type-simple"},"_links":{"self":[{"href":"https:\/\/stampcurio.com\/hu\/wp-json\/wp\/v2\/product\/15035","targetHints":{"allow":["GET"]}}],"collection":[{"href":"https:\/\/stampcurio.com\/hu\/wp-json\/wp\/v2\/product"}],"about":[{"href":"https:\/\/stampcurio.com\/hu\/wp-json\/wp\/v2\/types\/product"}],"wp:featuredmedia":[{"embeddable":true,"href":"https:\/\/stampcurio.com\/hu\/wp-json\/wp\/v2\/media\/16393"}],"wp:attachment":[{"href":"https:\/\/stampcurio.com\/hu\/wp-json\/wp\/v2\/media?parent=15035"}],"wp:term":[{"taxonomy":"product_brand","embeddable":true,"href":"https:\/\/stampcurio.com\/hu\/wp-json\/wp\/v2\/product_brand?post=15035"},{"taxonomy":"product_cat","embeddable":true,"href":"https:\/\/stampcurio.com\/hu\/wp-json\/wp\/v2\/product_cat?post=15035"},{"taxonomy":"product_tag","embeddable":true,"href":"https:\/\/stampcurio.com\/hu\/wp-json\/wp\/v2\/product_tag?post=15035"}],"curies":[{"name":"wp","href":"https:\/\/api.w.org\/{rel}","templated":true}]}}