{"id":15034,"date":"2024-11-29T18:28:43","date_gmt":"2024-11-29T17:28:43","guid":{"rendered":"https:\/\/stampcurio.com\/product\/1920-kepeslap-ujlorinczfalva-piros-pu-belyegzovel-rr-buzakalasz-20-f\/"},"modified":"2025-12-05T04:08:51","modified_gmt":"2025-12-05T03:08:51","slug":"1920-magyarorszag-kepeslap-ujlorinczfalva-piros-postaugynokseg-belyegzovel-buzakalasz-belyegen-pu-rr","status":"publish","type":"product","link":"https:\/\/stampcurio.com\/hu\/termek\/1920-magyarorszag-kepeslap-ujlorinczfalva-piros-postaugynokseg-belyegzovel-buzakalasz-belyegen-pu-rr\/","title":{"rendered":"1920 Magyarorsz\u00e1g &#8211; k\u00e9peslap \u00daJL\u0150RINCZFALVA piros posta\u00fcgyn\u00f6ks\u00e9g b\u00e9lyegz\u0151vel B\u00fazakal\u00e1sz b\u00e9lyegen | P\u00dc: rR"},"content":{"rendered":"","protected":false},"excerpt":{"rendered":"","protected":false},"featured_media":16193,"template":"","meta":[],"product_brand":[],"product_cat":[1172],"product_tag":[1664,116,97,1041],"class_list":{"0":"post-15034","1":"product","2":"type-product","3":"status-publish","4":"has-post-thumbnail","6":"product_cat-magyarorszag","7":"product_tag-2nd-auction-hu","8":"product_tag-belyeg","9":"product_tag-kepeslap","10":"product_tag-marcophily-hu","12":"first","13":"instock","14":"sold-individually","15":"shipping-taxable","16":"product-type-simple"},"_links":{"self":[{"href":"https:\/\/stampcurio.com\/hu\/wp-json\/wp\/v2\/product\/15034","targetHints":{"allow":["GET"]}}],"collection":[{"href":"https:\/\/stampcurio.com\/hu\/wp-json\/wp\/v2\/product"}],"about":[{"href":"https:\/\/stampcurio.com\/hu\/wp-json\/wp\/v2\/types\/product"}],"wp:featuredmedia":[{"embeddable":true,"href":"https:\/\/stampcurio.com\/hu\/wp-json\/wp\/v2\/media\/16193"}],"wp:attachment":[{"href":"https:\/\/stampcurio.com\/hu\/wp-json\/wp\/v2\/media?parent=15034"}],"wp:term":[{"taxonomy":"product_brand","embeddable":true,"href":"https:\/\/stampcurio.com\/hu\/wp-json\/wp\/v2\/product_brand?post=15034"},{"taxonomy":"product_cat","embeddable":true,"href":"https:\/\/stampcurio.com\/hu\/wp-json\/wp\/v2\/product_cat?post=15034"},{"taxonomy":"product_tag","embeddable":true,"href":"https:\/\/stampcurio.com\/hu\/wp-json\/wp\/v2\/product_tag?post=15034"}],"curies":[{"name":"wp","href":"https:\/\/api.w.org\/{rel}","templated":true}]}}