{"id":15033,"date":"2024-11-29T18:28:43","date_gmt":"2024-11-29T17:28:43","guid":{"rendered":"https:\/\/stampcurio.com\/product\/1900-ipolynyeken-feladott-taviratlap-dregelypalanki-vasuti-tavirdabol-tovabbitva\/"},"modified":"2025-12-05T04:08:51","modified_gmt":"2025-12-05T03:08:51","slug":"1900-magyarorszag-nevnapi-koszonto-tavirat-ipolynyekrol-perczel-dezsonek-a-kepviselohaz-elnokenek-a-kepviselohazba-kuldve","status":"publish","type":"product","link":"https:\/\/stampcurio.com\/hu\/termek\/1900-magyarorszag-nevnapi-koszonto-tavirat-ipolynyekrol-perczel-dezsonek-a-kepviselohaz-elnokenek-a-kepviselohazba-kuldve\/","title":{"rendered":"1900 Magyarorsz\u00e1g &#8211; N\u00e9vnapi k\u00f6sz\u00f6nt\u0151 t\u00e1virat Ipolyny\u00e9kr\u0151l Perczel Dezs\u0151nek, a k\u00e9pvisel\u0151h\u00e1z eln\u00f6k\u00e9nek, a k\u00e9pvisel\u0151h\u00e1zba k\u00fcldve"},"content":{"rendered":"","protected":false},"excerpt":{"rendered":"","protected":false},"featured_media":16287,"template":"","meta":[],"product_brand":[],"product_cat":[1172,1189],"product_tag":[1664,74,467,89,209,1006],"class_list":{"0":"post-15033","1":"product","2":"type-product","3":"status-publish","4":"has-post-thumbnail","6":"product_cat-magyarorszag","7":"product_cat-szlovakia","8":"product_tag-2nd-auction-hu","9":"product_tag-dijjegyes","10":"product_tag-orszaghaz","11":"product_tag-postatortenet","12":"product_tag-tavirat","13":"product_tag-unsold","15":"first","16":"instock","17":"sold-individually","18":"shipping-taxable","19":"product-type-simple"},"_links":{"self":[{"href":"https:\/\/stampcurio.com\/hu\/wp-json\/wp\/v2\/product\/15033","targetHints":{"allow":["GET"]}}],"collection":[{"href":"https:\/\/stampcurio.com\/hu\/wp-json\/wp\/v2\/product"}],"about":[{"href":"https:\/\/stampcurio.com\/hu\/wp-json\/wp\/v2\/types\/product"}],"wp:featuredmedia":[{"embeddable":true,"href":"https:\/\/stampcurio.com\/hu\/wp-json\/wp\/v2\/media\/16287"}],"wp:attachment":[{"href":"https:\/\/stampcurio.com\/hu\/wp-json\/wp\/v2\/media?parent=15033"}],"wp:term":[{"taxonomy":"product_brand","embeddable":true,"href":"https:\/\/stampcurio.com\/hu\/wp-json\/wp\/v2\/product_brand?post=15033"},{"taxonomy":"product_cat","embeddable":true,"href":"https:\/\/stampcurio.com\/hu\/wp-json\/wp\/v2\/product_cat?post=15033"},{"taxonomy":"product_tag","embeddable":true,"href":"https:\/\/stampcurio.com\/hu\/wp-json\/wp\/v2\/product_tag?post=15033"}],"curies":[{"name":"wp","href":"https:\/\/api.w.org\/{rel}","templated":true}]}}