{"id":15032,"date":"2024-11-29T18:28:42","date_gmt":"2024-11-29T17:28:42","guid":{"rendered":"https:\/\/stampcurio.com\/product\/1867-consular-mail-bukarest-osztrak-10-sld-belyegek-provizorikus-felh\/"},"modified":"2025-12-05T04:08:53","modified_gmt":"2025-12-05T03:08:53","slug":"1867-magyarorszag-levante-galatzbol-triesztbe-kuldott-level-az-1864-es-10-sld-belyeg-provizorikus-felhasznalasaval","status":"publish","type":"product","link":"https:\/\/stampcurio.com\/hu\/termek\/1867-magyarorszag-levante-galatzbol-triesztbe-kuldott-level-az-1864-es-10-sld-belyeg-provizorikus-felhasznalasaval\/","title":{"rendered":"1867 Magyarorsz\u00e1g Levante &#8211; Galatzb\u00f3l Triesztbe k\u00fcld\u00f6tt lev\u00e9l, az 1864-es 10 sld b\u00e9lyeg proviz\u00f3rikus felhaszn\u00e1l\u00e1s\u00e1val"},"content":{"rendered":"","protected":false},"excerpt":{"rendered":"","protected":false},"featured_media":16408,"template":"","meta":[],"product_brand":[],"product_cat":[1178,1172,1208],"product_tag":[1664,116,1041,176,89,1631,256,1006],"class_list":{"0":"post-15032","1":"product","2":"type-product","3":"status-publish","4":"has-post-thumbnail","6":"product_cat-ausztria","7":"product_cat-magyarorszag","8":"product_cat-romania","9":"product_tag-2nd-auction-hu","10":"product_tag-belyeg","11":"product_tag-marcophily-hu","12":"product_tag-philagem","13":"product_tag-postatortenet","14":"product_tag-pre-upu","15":"product_tag-provizorium","16":"product_tag-unsold","18":"first","19":"instock","20":"sold-individually","21":"shipping-taxable","22":"product-type-simple"},"_links":{"self":[{"href":"https:\/\/stampcurio.com\/hu\/wp-json\/wp\/v2\/product\/15032","targetHints":{"allow":["GET"]}}],"collection":[{"href":"https:\/\/stampcurio.com\/hu\/wp-json\/wp\/v2\/product"}],"about":[{"href":"https:\/\/stampcurio.com\/hu\/wp-json\/wp\/v2\/types\/product"}],"wp:featuredmedia":[{"embeddable":true,"href":"https:\/\/stampcurio.com\/hu\/wp-json\/wp\/v2\/media\/16408"}],"wp:attachment":[{"href":"https:\/\/stampcurio.com\/hu\/wp-json\/wp\/v2\/media?parent=15032"}],"wp:term":[{"taxonomy":"product_brand","embeddable":true,"href":"https:\/\/stampcurio.com\/hu\/wp-json\/wp\/v2\/product_brand?post=15032"},{"taxonomy":"product_cat","embeddable":true,"href":"https:\/\/stampcurio.com\/hu\/wp-json\/wp\/v2\/product_cat?post=15032"},{"taxonomy":"product_tag","embeddable":true,"href":"https:\/\/stampcurio.com\/hu\/wp-json\/wp\/v2\/product_tag?post=15032"}],"curies":[{"name":"wp","href":"https:\/\/api.w.org\/{rel}","templated":true}]}}