{"id":15031,"date":"2024-11-29T18:28:42","date_gmt":"2024-11-29T17:28:42","guid":{"rendered":"https:\/\/stampcurio.com\/product\/1868-nyomtatvany-becsbol-braziliaba-kuldve-level-az\/"},"modified":"2025-12-05T04:08:53","modified_gmt":"2025-12-05T03:08:53","slug":"1868-ausztria-portos-level-ausztriabol-braziliaba-kuldve-franciaorszagon-keresztul","status":"publish","type":"product","link":"https:\/\/stampcurio.com\/hu\/termek\/1868-ausztria-portos-level-ausztriabol-braziliaba-kuldve-franciaorszagon-keresztul\/","title":{"rendered":"1868 Ausztria &#8211; Port\u00f3s lev\u00e9l Ausztri\u00e1b\u00f3l Braz\u00edli\u00e1ba k\u00fcldve Franciaorsz\u00e1gon kereszt\u00fcl"},"content":{"rendered":"","protected":false},"excerpt":{"rendered":"<p>Hat\u00e1r\u00e1tl\u00e9p\u00e9s: AUSTR. STRASBOURG 1868. j\u00falius 23.<br \/>\nA levelet az 1858. \u00e9vi postai szerz\u0151d\u00e9s 31. cikke alapj\u00e1n kezelt\u00e9k.<br \/>\nPostab\u00e9lyegz\u0151: F 21<br \/>\nA valuta\u00e1tv\u00e1lt\u00e1sn\u00e1l 10 Kreuzer = 100 Reis \u00e1tv\u00e1lt\u00e1st alkalmaztak.<br \/>\nA b\u00e9lyeg n\u00e9lk\u00fcli levelet Franciaorsz\u00e1gban 8 Decimes, Braz\u00edli\u00e1ban 430 Reis-szel port\u00f3zt\u00e1k.<\/p>\n","protected":false},"featured_media":19521,"template":"","meta":[],"product_brand":[],"product_cat":[1178,1227,1181],"product_tag":[1664,176,108,89,1631,1006],"class_list":{"0":"post-15031","1":"product","2":"type-product","3":"status-publish","4":"has-post-thumbnail","6":"product_cat-ausztria","7":"product_cat-brazilia","8":"product_cat-franciaorszag","9":"product_tag-2nd-auction-hu","10":"product_tag-philagem","11":"product_tag-porto","12":"product_tag-postatortenet","13":"product_tag-pre-upu","14":"product_tag-unsold","16":"first","17":"instock","18":"sold-individually","19":"shipping-taxable","20":"product-type-simple"},"_links":{"self":[{"href":"https:\/\/stampcurio.com\/hu\/wp-json\/wp\/v2\/product\/15031","targetHints":{"allow":["GET"]}}],"collection":[{"href":"https:\/\/stampcurio.com\/hu\/wp-json\/wp\/v2\/product"}],"about":[{"href":"https:\/\/stampcurio.com\/hu\/wp-json\/wp\/v2\/types\/product"}],"wp:featuredmedia":[{"embeddable":true,"href":"https:\/\/stampcurio.com\/hu\/wp-json\/wp\/v2\/media\/19521"}],"wp:attachment":[{"href":"https:\/\/stampcurio.com\/hu\/wp-json\/wp\/v2\/media?parent=15031"}],"wp:term":[{"taxonomy":"product_brand","embeddable":true,"href":"https:\/\/stampcurio.com\/hu\/wp-json\/wp\/v2\/product_brand?post=15031"},{"taxonomy":"product_cat","embeddable":true,"href":"https:\/\/stampcurio.com\/hu\/wp-json\/wp\/v2\/product_cat?post=15031"},{"taxonomy":"product_tag","embeddable":true,"href":"https:\/\/stampcurio.com\/hu\/wp-json\/wp\/v2\/product_tag?post=15031"}],"curies":[{"name":"wp","href":"https:\/\/api.w.org\/{rel}","templated":true}]}}