{"id":15030,"date":"2024-11-29T18:28:42","date_gmt":"2024-11-29T17:28:42","guid":{"rendered":"https:\/\/stampcurio.com\/product\/1945-karpat-ukrajna-nagyszollos-keszthelyre-kuldott-levelezolap-attest-bodor\/"},"modified":"2025-12-05T04:08:52","modified_gmt":"2025-12-05T03:08:52","slug":"1945-karpatalja-karpataljai-dijjegyes-levelezolap-dijkiegeszitessel-keszthelyre-kuldve-attest-bodor","status":"publish","type":"product","link":"https:\/\/stampcurio.com\/hu\/termek\/1945-karpatalja-karpataljai-dijjegyes-levelezolap-dijkiegeszitessel-keszthelyre-kuldve-attest-bodor\/","title":{"rendered":"1945 K\u00e1rp\u00e1talja &#8211; K\u00e1rp\u00e1taljai d\u00edjjegyes levelez\u0151lap d\u00edjkieg\u00e9sz\u00edt\u00e9ssel Keszthelyre k\u00fcldve | Attest: Bodor"},"content":{"rendered":"","protected":false},"excerpt":{"rendered":"","protected":false},"featured_media":15864,"template":"","meta":[],"product_brand":[],"product_cat":[1172,1239,1226],"product_tag":[1664,74,1332,89],"class_list":{"0":"post-15030","1":"product","2":"type-product","3":"status-publish","4":"has-post-thumbnail","6":"product_cat-magyarorszag","7":"product_cat-szovjetunio","8":"product_cat-ukrajna","9":"product_tag-2nd-auction-hu","10":"product_tag-dijjegyes","11":"product_tag-helyi-kiadas","12":"product_tag-postatortenet","14":"first","15":"instock","16":"sold-individually","17":"shipping-taxable","18":"product-type-simple"},"_links":{"self":[{"href":"https:\/\/stampcurio.com\/hu\/wp-json\/wp\/v2\/product\/15030","targetHints":{"allow":["GET"]}}],"collection":[{"href":"https:\/\/stampcurio.com\/hu\/wp-json\/wp\/v2\/product"}],"about":[{"href":"https:\/\/stampcurio.com\/hu\/wp-json\/wp\/v2\/types\/product"}],"wp:featuredmedia":[{"embeddable":true,"href":"https:\/\/stampcurio.com\/hu\/wp-json\/wp\/v2\/media\/15864"}],"wp:attachment":[{"href":"https:\/\/stampcurio.com\/hu\/wp-json\/wp\/v2\/media?parent=15030"}],"wp:term":[{"taxonomy":"product_brand","embeddable":true,"href":"https:\/\/stampcurio.com\/hu\/wp-json\/wp\/v2\/product_brand?post=15030"},{"taxonomy":"product_cat","embeddable":true,"href":"https:\/\/stampcurio.com\/hu\/wp-json\/wp\/v2\/product_cat?post=15030"},{"taxonomy":"product_tag","embeddable":true,"href":"https:\/\/stampcurio.com\/hu\/wp-json\/wp\/v2\/product_tag?post=15030"}],"curies":[{"name":"wp","href":"https:\/\/api.w.org\/{rel}","templated":true}]}}