{"id":15029,"date":"2024-11-29T18:28:41","date_gmt":"2024-11-29T17:28:41","guid":{"rendered":"https:\/\/stampcurio.com\/product\/szilagysomlyo-1861-2x15kr-10-kr-tertivevenyes-ajanlott-level-pestre\/"},"modified":"2025-12-05T04:08:54","modified_gmt":"2025-12-05T03:08:54","slug":"1861-ausztria-2x-15-kr-10-kr-bermentesitessel-ellatott-ii-sulyu-tertivevenyes-ajanlott-level-pestre-kuldve","status":"publish","type":"product","link":"https:\/\/stampcurio.com\/hu\/termek\/1861-ausztria-2x-15-kr-10-kr-bermentesitessel-ellatott-ii-sulyu-tertivevenyes-ajanlott-level-pestre-kuldve\/","title":{"rendered":"1861 Ausztria &#8211; 2x 15 kr + 10 kr b\u00e9rmentes\u00edt\u00e9ssel ell\u00e1tott II. s\u00faly\u00fa t\u00e9rtivev\u00e9nyes aj\u00e1nlott lev\u00e9l Pestre k\u00fcldve"},"content":{"rendered":"","protected":false},"excerpt":{"rendered":"","protected":false},"featured_media":16151,"template":"","meta":[],"product_brand":[],"product_cat":[1178,1172,1208],"product_tag":[1664,116,89,1631],"class_list":{"0":"post-15029","1":"product","2":"type-product","3":"status-publish","4":"has-post-thumbnail","6":"product_cat-ausztria","7":"product_cat-magyarorszag","8":"product_cat-romania","9":"product_tag-2nd-auction-hu","10":"product_tag-belyeg","11":"product_tag-postatortenet","12":"product_tag-pre-upu","14":"first","15":"instock","16":"sold-individually","17":"shipping-taxable","18":"product-type-simple"},"_links":{"self":[{"href":"https:\/\/stampcurio.com\/hu\/wp-json\/wp\/v2\/product\/15029","targetHints":{"allow":["GET"]}}],"collection":[{"href":"https:\/\/stampcurio.com\/hu\/wp-json\/wp\/v2\/product"}],"about":[{"href":"https:\/\/stampcurio.com\/hu\/wp-json\/wp\/v2\/types\/product"}],"wp:featuredmedia":[{"embeddable":true,"href":"https:\/\/stampcurio.com\/hu\/wp-json\/wp\/v2\/media\/16151"}],"wp:attachment":[{"href":"https:\/\/stampcurio.com\/hu\/wp-json\/wp\/v2\/media?parent=15029"}],"wp:term":[{"taxonomy":"product_brand","embeddable":true,"href":"https:\/\/stampcurio.com\/hu\/wp-json\/wp\/v2\/product_brand?post=15029"},{"taxonomy":"product_cat","embeddable":true,"href":"https:\/\/stampcurio.com\/hu\/wp-json\/wp\/v2\/product_cat?post=15029"},{"taxonomy":"product_tag","embeddable":true,"href":"https:\/\/stampcurio.com\/hu\/wp-json\/wp\/v2\/product_tag?post=15029"}],"curies":[{"name":"wp","href":"https:\/\/api.w.org\/{rel}","templated":true}]}}