{"id":15028,"date":"2024-11-29T18:28:41","date_gmt":"2024-11-29T17:28:41","guid":{"rendered":"https:\/\/stampcurio.com\/product\/1861-debrecen-tasnad-ii-sulyu-nyomtatvany-2-kr-par-1862-ben-debrecen-tasnad-baloldali-belyegen-randstuck-szegelylenyomattal-randleistung-dicker-balken-ferch-450-eur-a-szolo-elso-belyegen-szolid-hajta\/"},"modified":"2025-12-05T04:08:54","modified_gmt":"2025-12-05T03:08:54","slug":"1861-ausztria-2-kr-par-1862-ben-debrecenbol-tasnadra-kuldott-ii-sulyu-nyomtatvanyon-a-baloldali-belyegen-szegelylec-lenyomattal-a-szgelyleclenyomatos-aztatott-belyeg-ferchenbauer-ara-450-eur","status":"publish","type":"product","link":"https:\/\/stampcurio.com\/hu\/termek\/1861-ausztria-2-kr-par-1862-ben-debrecenbol-tasnadra-kuldott-ii-sulyu-nyomtatvanyon-a-baloldali-belyegen-szegelylec-lenyomattal-a-szgelyleclenyomatos-aztatott-belyeg-ferchenbauer-ara-450-eur\/","title":{"rendered":"1861 Ausztria &#8211; 2 kr p\u00e1r 1862-ben Debrecenb\u0151l Tasn\u00e1dra k\u00fcld\u00f6tt II. s\u00faly\u00fa (!) nyomtatv\u00e1nyon. A baloldali b\u00e9lyegen szeg\u00e9lyl\u00e9c lenyomattal. A szg\u00e9lyl\u00e9clenyomatos \u00e1ztatott b\u00e9lyeg Ferchenbauer \u00e1ra 450 EUR. Az els\u0151 b\u00e9lyegen szolid hajt\u00e1snyom."},"content":{"rendered":"","protected":false},"excerpt":{"rendered":"","protected":false},"featured_media":16351,"template":"","meta":[],"product_brand":[],"product_cat":[1178,1172,1208],"product_tag":[1664,116,176,89,1631,217],"class_list":{"0":"post-15028","1":"product","2":"type-product","3":"status-publish","4":"has-post-thumbnail","6":"product_cat-ausztria","7":"product_cat-magyarorszag","8":"product_cat-romania","9":"product_tag-2nd-auction-hu","10":"product_tag-belyeg","11":"product_tag-philagem","12":"product_tag-postatortenet","13":"product_tag-pre-upu","14":"product_tag-tevnyomat","16":"first","17":"instock","18":"sold-individually","19":"shipping-taxable","20":"product-type-simple"},"_links":{"self":[{"href":"https:\/\/stampcurio.com\/hu\/wp-json\/wp\/v2\/product\/15028","targetHints":{"allow":["GET"]}}],"collection":[{"href":"https:\/\/stampcurio.com\/hu\/wp-json\/wp\/v2\/product"}],"about":[{"href":"https:\/\/stampcurio.com\/hu\/wp-json\/wp\/v2\/types\/product"}],"wp:featuredmedia":[{"embeddable":true,"href":"https:\/\/stampcurio.com\/hu\/wp-json\/wp\/v2\/media\/16351"}],"wp:attachment":[{"href":"https:\/\/stampcurio.com\/hu\/wp-json\/wp\/v2\/media?parent=15028"}],"wp:term":[{"taxonomy":"product_brand","embeddable":true,"href":"https:\/\/stampcurio.com\/hu\/wp-json\/wp\/v2\/product_brand?post=15028"},{"taxonomy":"product_cat","embeddable":true,"href":"https:\/\/stampcurio.com\/hu\/wp-json\/wp\/v2\/product_cat?post=15028"},{"taxonomy":"product_tag","embeddable":true,"href":"https:\/\/stampcurio.com\/hu\/wp-json\/wp\/v2\/product_tag?post=15028"}],"curies":[{"name":"wp","href":"https:\/\/api.w.org\/{rel}","templated":true}]}}