{"id":15027,"date":"2024-11-29T18:28:41","date_gmt":"2024-11-29T17:28:41","guid":{"rendered":"https:\/\/stampcurio.com\/product\/2002-ek-meterstamp-legiposta-indiaba\/"},"modified":"2025-12-05T04:08:53","modified_gmt":"2025-12-05T03:08:53","slug":"2002-eszak-korea-legiposta-gepi-bermentesitessel-indiaba-kuldve","status":"publish","type":"product","link":"https:\/\/stampcurio.com\/hu\/termek\/2002-eszak-korea-legiposta-gepi-bermentesitessel-indiaba-kuldve\/","title":{"rendered":"2002 \u00c9szak-Korea &#8211; l\u00e9giposta g\u00e9pi b\u00e9rmentes\u00edt\u00e9ssel Indi\u00e1ba k\u00fcldve"},"content":{"rendered":"","protected":false},"excerpt":{"rendered":"","protected":false},"featured_media":16486,"template":"","meta":[],"product_brand":[],"product_cat":[1225,1206],"product_tag":[1664,1383,115,89],"class_list":{"0":"post-15027","1":"product","2":"type-product","3":"status-publish","4":"has-post-thumbnail","6":"product_cat-eszak-korea","7":"product_cat-india","8":"product_tag-2nd-auction-hu","9":"product_tag-gepi-bermentesites","10":"product_tag-legiposta","11":"product_tag-postatortenet","13":"first","14":"instock","15":"sold-individually","16":"shipping-taxable","17":"product-type-simple"},"_links":{"self":[{"href":"https:\/\/stampcurio.com\/hu\/wp-json\/wp\/v2\/product\/15027","targetHints":{"allow":["GET"]}}],"collection":[{"href":"https:\/\/stampcurio.com\/hu\/wp-json\/wp\/v2\/product"}],"about":[{"href":"https:\/\/stampcurio.com\/hu\/wp-json\/wp\/v2\/types\/product"}],"wp:featuredmedia":[{"embeddable":true,"href":"https:\/\/stampcurio.com\/hu\/wp-json\/wp\/v2\/media\/16486"}],"wp:attachment":[{"href":"https:\/\/stampcurio.com\/hu\/wp-json\/wp\/v2\/media?parent=15027"}],"wp:term":[{"taxonomy":"product_brand","embeddable":true,"href":"https:\/\/stampcurio.com\/hu\/wp-json\/wp\/v2\/product_brand?post=15027"},{"taxonomy":"product_cat","embeddable":true,"href":"https:\/\/stampcurio.com\/hu\/wp-json\/wp\/v2\/product_cat?post=15027"},{"taxonomy":"product_tag","embeddable":true,"href":"https:\/\/stampcurio.com\/hu\/wp-json\/wp\/v2\/product_tag?post=15027"}],"curies":[{"name":"wp","href":"https:\/\/api.w.org\/{rel}","templated":true}]}}