{"id":15026,"date":"2024-11-29T18:28:40","date_gmt":"2024-11-29T17:28:40","guid":{"rendered":"https:\/\/stampcurio.com\/product\/oroszorszag-1900-lettre-dargent-ezustlevel-jeruzsalembe-jaffa-osztrak-levant-erkezessel\/"},"modified":"2025-12-05T04:08:55","modified_gmt":"2025-12-05T03:08:55","slug":"1900-oroszorszag-ezustlevel-lettre-dargent-jeruzsalembe-kuldve-az-ausztriai-levantei-postahivatalon-keresztul-jaffa-atmeno-belyegzovel","status":"publish","type":"product","link":"https:\/\/stampcurio.com\/hu\/termek\/1900-oroszorszag-ezustlevel-lettre-dargent-jeruzsalembe-kuldve-az-ausztriai-levantei-postahivatalon-keresztul-jaffa-atmeno-belyegzovel\/","title":{"rendered":"1900 Oroszorsz\u00e1g  &#8211; Ez\u00fcstlev\u00e9l (Lettre d\u2019argent) Jeruzs\u00e1lembe k\u00fcldve az Ausztriai-Levantei postahivatalon kereszt\u00fcl, Jaffa \u00e1tmen\u0151 b\u00e9lyegz\u0151vel"},"content":{"rendered":"","protected":false},"excerpt":{"rendered":"","protected":false},"featured_media":16245,"template":"","meta":[],"product_brand":[],"product_cat":[1178,1224,1177],"product_tag":[1664,89],"class_list":{"0":"post-15026","1":"product","2":"type-product","3":"status-publish","4":"has-post-thumbnail","6":"product_cat-ausztria","7":"product_cat-izrael","8":"product_cat-oroszorszag","9":"product_tag-2nd-auction-hu","10":"product_tag-postatortenet","12":"first","13":"instock","14":"sold-individually","15":"shipping-taxable","16":"product-type-simple"},"_links":{"self":[{"href":"https:\/\/stampcurio.com\/hu\/wp-json\/wp\/v2\/product\/15026","targetHints":{"allow":["GET"]}}],"collection":[{"href":"https:\/\/stampcurio.com\/hu\/wp-json\/wp\/v2\/product"}],"about":[{"href":"https:\/\/stampcurio.com\/hu\/wp-json\/wp\/v2\/types\/product"}],"wp:featuredmedia":[{"embeddable":true,"href":"https:\/\/stampcurio.com\/hu\/wp-json\/wp\/v2\/media\/16245"}],"wp:attachment":[{"href":"https:\/\/stampcurio.com\/hu\/wp-json\/wp\/v2\/media?parent=15026"}],"wp:term":[{"taxonomy":"product_brand","embeddable":true,"href":"https:\/\/stampcurio.com\/hu\/wp-json\/wp\/v2\/product_brand?post=15026"},{"taxonomy":"product_cat","embeddable":true,"href":"https:\/\/stampcurio.com\/hu\/wp-json\/wp\/v2\/product_cat?post=15026"},{"taxonomy":"product_tag","embeddable":true,"href":"https:\/\/stampcurio.com\/hu\/wp-json\/wp\/v2\/product_tag?post=15026"}],"curies":[{"name":"wp","href":"https:\/\/api.w.org\/{rel}","templated":true}]}}