{"id":15025,"date":"2024-11-29T18:28:40","date_gmt":"2024-11-29T17:28:40","guid":{"rendered":"https:\/\/stampcurio.com\/product\/1908-ferch-3-87-o-wrapper-dijjegyes-cimszalag-privatnyomasu-cimszalagok-2h-4x-2-h-1905-1908-privat-nyomasu-cimszalagok-kohalomra-erdely-kuldve-5-db-wrapper-1-hermannstadt\/"},"modified":"2025-12-05T04:08:55","modified_gmt":"2025-12-05T03:08:55","slug":"1905-1908-ausztria-privat-nyomasu-dijjegyes-cimszalagok-5-db-kohalomra-kuldve","status":"publish","type":"product","link":"https:\/\/stampcurio.com\/hu\/termek\/1905-1908-ausztria-privat-nyomasu-dijjegyes-cimszalagok-5-db-kohalomra-kuldve\/","title":{"rendered":"1905 &#8211; 1908 Ausztria &#8211; priv\u00e1t nyom\u00e1s\u00fa d\u00edjjegyes c\u00edmszalagok (5 db) K\u0151halomra k\u00fcldve"},"content":{"rendered":"","protected":false},"excerpt":{"rendered":"","protected":false},"featured_media":16205,"template":"","meta":[],"product_brand":[],"product_cat":[1178,1172,1208],"product_tag":[1664,74,89],"class_list":{"0":"post-15025","1":"product","2":"type-product","3":"status-publish","4":"has-post-thumbnail","6":"product_cat-ausztria","7":"product_cat-magyarorszag","8":"product_cat-romania","9":"product_tag-2nd-auction-hu","10":"product_tag-dijjegyes","11":"product_tag-postatortenet","13":"first","14":"instock","15":"sold-individually","16":"shipping-taxable","17":"product-type-simple"},"_links":{"self":[{"href":"https:\/\/stampcurio.com\/hu\/wp-json\/wp\/v2\/product\/15025","targetHints":{"allow":["GET"]}}],"collection":[{"href":"https:\/\/stampcurio.com\/hu\/wp-json\/wp\/v2\/product"}],"about":[{"href":"https:\/\/stampcurio.com\/hu\/wp-json\/wp\/v2\/types\/product"}],"wp:featuredmedia":[{"embeddable":true,"href":"https:\/\/stampcurio.com\/hu\/wp-json\/wp\/v2\/media\/16205"}],"wp:attachment":[{"href":"https:\/\/stampcurio.com\/hu\/wp-json\/wp\/v2\/media?parent=15025"}],"wp:term":[{"taxonomy":"product_brand","embeddable":true,"href":"https:\/\/stampcurio.com\/hu\/wp-json\/wp\/v2\/product_brand?post=15025"},{"taxonomy":"product_cat","embeddable":true,"href":"https:\/\/stampcurio.com\/hu\/wp-json\/wp\/v2\/product_cat?post=15025"},{"taxonomy":"product_tag","embeddable":true,"href":"https:\/\/stampcurio.com\/hu\/wp-json\/wp\/v2\/product_tag?post=15025"}],"curies":[{"name":"wp","href":"https:\/\/api.w.org\/{rel}","templated":true}]}}