{"id":15024,"date":"2024-11-29T18:28:40","date_gmt":"2024-11-29T17:28:40","guid":{"rendered":"https:\/\/stampcurio.com\/product\/1976-81-ddr-ket-telegram-felaras-belyegekkel-bermentesitve\/"},"modified":"2025-12-05T04:08:54","modified_gmt":"2025-12-05T03:08:54","slug":"1976-1981-ddr-ket-telegram-felaras-belyegekkel-bermentesitve","status":"publish","type":"product","link":"https:\/\/stampcurio.com\/hu\/termek\/1976-1981-ddr-ket-telegram-felaras-belyegekkel-bermentesitve\/","title":{"rendered":"1976 \/ 1981 DDR &#8211; k\u00e9t telegram fel\u00e1ras b\u00e9lyegekkel b\u00e9rmentes\u00edtve"},"content":{"rendered":"","protected":false},"excerpt":{"rendered":"<p>K\u00fcl\u00f6nlegess\u00e9g\u00fck, hogy a b\u00e9lyegek fel\u00e1r\u00e1t belesz\u00e1molt\u00e1k a telegrammok k\u00f6lts\u00e9g\u00e9be, csal\u00e1rd b\u00e9rmentes\u00edt\u00e9s.<\/p>\n","protected":false},"featured_media":16341,"template":"","meta":[],"product_brand":[],"product_cat":[1175],"product_tag":[1664,116,452,89,209,1006],"class_list":{"0":"post-15024","1":"product","2":"type-product","3":"status-publish","4":"has-post-thumbnail","6":"product_cat-nemetorszag","7":"product_tag-2nd-auction-hu","8":"product_tag-belyeg","9":"product_tag-csalard-bermentesites","10":"product_tag-postatortenet","11":"product_tag-tavirat","12":"product_tag-unsold","14":"first","15":"instock","16":"sold-individually","17":"shipping-taxable","18":"product-type-simple"},"_links":{"self":[{"href":"https:\/\/stampcurio.com\/hu\/wp-json\/wp\/v2\/product\/15024","targetHints":{"allow":["GET"]}}],"collection":[{"href":"https:\/\/stampcurio.com\/hu\/wp-json\/wp\/v2\/product"}],"about":[{"href":"https:\/\/stampcurio.com\/hu\/wp-json\/wp\/v2\/types\/product"}],"wp:featuredmedia":[{"embeddable":true,"href":"https:\/\/stampcurio.com\/hu\/wp-json\/wp\/v2\/media\/16341"}],"wp:attachment":[{"href":"https:\/\/stampcurio.com\/hu\/wp-json\/wp\/v2\/media?parent=15024"}],"wp:term":[{"taxonomy":"product_brand","embeddable":true,"href":"https:\/\/stampcurio.com\/hu\/wp-json\/wp\/v2\/product_brand?post=15024"},{"taxonomy":"product_cat","embeddable":true,"href":"https:\/\/stampcurio.com\/hu\/wp-json\/wp\/v2\/product_cat?post=15024"},{"taxonomy":"product_tag","embeddable":true,"href":"https:\/\/stampcurio.com\/hu\/wp-json\/wp\/v2\/product_tag?post=15024"}],"curies":[{"name":"wp","href":"https:\/\/api.w.org\/{rel}","templated":true}]}}